{"id":25,"date":"2025-06-16T15:44:48","date_gmt":"2025-06-16T15:44:48","guid":{"rendered":"https:\/\/ariusingenieria.rkinformatika.online\/?page_id=25"},"modified":"2025-10-20T16:12:54","modified_gmt":"2025-10-20T16:12:54","slug":"ingenieria-industrial","status":"publish","type":"page","link":"https:\/\/ariusingenieria.com\/en\/ingenieria-industrial\/","title":{"rendered":"Industrial Engineering"},"content":{"rendered":"<div data-elementor-type=\"wp-page\" data-elementor-id=\"25\" class=\"elementor elementor-25\" data-elementor-post-type=\"page\">\n\t\t\t\t<div class=\"elementor-element elementor-element-00f4a5a e-flex e-con-boxed e-con e-parent\" data-id=\"00f4a5a\" data-element_type=\"container\" data-e-type=\"container\" data-settings=\"{&quot;background_background&quot;:&quot;classic&quot;}\">\n\t\t\t\t\t<div class=\"e-con-inner\">\n\t\t\t\t<div class=\"elementor-element elementor-element-2100cd2 elementor-icon-list--layout-inline elementor-list-item-link-full_width elementor-widget elementor-widget-icon-list\" data-id=\"2100cd2\" data-element_type=\"widget\" data-e-type=\"widget\" data-widget_type=\"icon-list.default\">\n\t\t\t\t<div class=\"elementor-widget-container\">\n\t\t\t\t\t\t\t<ul class=\"elementor-icon-list-items elementor-inline-items\">\n\t\t\t\t\t\t\t<li class=\"elementor-icon-list-item elementor-inline-item\">\n\t\t\t\t\t\t\t\t\t\t\t<a href=\"https:\/\/ariusingenieria.com\/en\">\n\n\t\t\t\t\t\t\t\t\t\t\t<span class=\"elementor-icon-list-text\">Inicio<\/span>\n\t\t\t\t\t\t\t\t\t\t\t<\/a>\n\t\t\t\t\t\t\t\t\t<\/li>\n\t\t\t\t\t\t\t\t<li class=\"elementor-icon-list-item elementor-inline-item\">\n\t\t\t\t\t\t\t\t\t\t\t<a href=\"https:\/\/ariusingenieria.com\/en\/contacto\/\">\n\n\t\t\t\t\t\t\t\t\t\t\t\t<span class=\"elementor-icon-list-icon\">\n\t\t\t\t\t\t\t<svg aria-hidden=\"true\" class=\"e-font-icon-svg e-fas-caret-right\" viewbox=\"0 0 192 512\" xmlns=\"http:\/\/www.w3.org\/2000\/svg\"><path d=\"M0 384.662V127.338c0-17.818 21.543-26.741 34.142-14.142l128.662 128.662c7.81 7.81 7.81 20.474 0 28.284L34.142 398.804C21.543 411.404 0 402.48 0 384.662z\"><\/path><\/svg>\t\t\t\t\t\t<\/span>\n\t\t\t\t\t\t\t\t\t\t<span class=\"elementor-icon-list-text\">Contact<\/span>\n\t\t\t\t\t\t\t\t\t\t\t<\/a>\n\t\t\t\t\t\t\t\t\t<\/li>\n\t\t\t\t\t\t<\/ul>\n\t\t\t\t\t\t<\/div>\n\t\t\t\t<\/div>\n\t\t\t\t\t<\/div>\n\t\t\t\t<\/div>\n\t\t<div class=\"elementor-element elementor-element-14b56b0 e-flex e-con-boxed e-con e-parent\" data-id=\"14b56b0\" data-element_type=\"container\" data-e-type=\"container\">\n\t\t\t\t\t<div class=\"e-con-inner\">\n\t\t<div class=\"elementor-element elementor-element-fb3afe8 e-con-full e-flex e-con e-child\" data-id=\"fb3afe8\" data-element_type=\"container\" data-e-type=\"container\">\n\t\t\t\t<div class=\"elementor-element elementor-element-f197f03 elementor-widget elementor-widget-text-editor\" data-id=\"f197f03\" data-element_type=\"widget\" data-e-type=\"widget\" data-widget_type=\"text-editor.default\">\n\t\t\t\t<div class=\"elementor-widget-container\">\n\t\t\t\t\t\t\t\t\t<p>Nos encargamos de la legalizaci\u00f3n de la Actividad y gesti\u00f3n en la obtenci\u00f3n de Registros de Establecimientos Industriales en Andaluc\u00eda. Tambi\u00e9n dise\u00f1amos e implementamos instalaciones contraincendios en entornos industriales y no industriales. Destacamos en el dise\u00f1o de aerotermia.<\/p>\t\t\t\t\t\t\t\t<\/div>\n\t\t\t\t<\/div>\n\t\t\t\t<div class=\"elementor-element elementor-element-c0ffb79 elementor-invisible elementor-widget elementor-widget-button\" data-id=\"c0ffb79\" data-element_type=\"widget\" data-e-type=\"widget\" data-settings=\"{&quot;_animation&quot;:&quot;fadeInRight&quot;}\" data-widget_type=\"button.default\">\n\t\t\t\t<div class=\"elementor-widget-container\">\n\t\t\t\t\t\t\t\t\t<div class=\"elementor-button-wrapper\">\n\t\t\t\t\t<a class=\"elementor-button elementor-button-link elementor-size-sm elementor-animation-grow\" href=\"\/en\/contacto\/\">\n\t\t\t\t\t\t<span class=\"elementor-button-content-wrapper\">\n\t\t\t\t\t\t\t\t\t<span class=\"elementor-button-text\">CONTACTAR<\/span>\n\t\t\t\t\t<\/span>\n\t\t\t\t\t<\/a>\n\t\t\t\t<\/div>\n\t\t\t\t\t\t\t\t<\/div>\n\t\t\t\t<\/div>\n\t\t\t\t<\/div>\n\t\t<div class=\"elementor-element elementor-element-4c528cf e-con-full e-flex e-con e-child\" data-id=\"4c528cf\" data-element_type=\"container\" data-e-type=\"container\" data-settings=\"{&quot;background_background&quot;:&quot;classic&quot;}\">\n\t\t\t\t<div class=\"elementor-element elementor-element-70e649f elementor-widget elementor-widget-spacer\" data-id=\"70e649f\" data-element_type=\"widget\" data-e-type=\"widget\" data-widget_type=\"spacer.default\">\n\t\t\t\t<div class=\"elementor-widget-container\">\n\t\t\t\t\t\t\t<div class=\"elementor-spacer\">\n\t\t\t<div class=\"elementor-spacer-inner\"><\/div>\n\t\t<\/div>\n\t\t\t\t\t\t<\/div>\n\t\t\t\t<\/div>\n\t\t\t\t<\/div>\n\t\t\t\t\t<\/div>\n\t\t\t\t<\/div>\n\t\t<div class=\"elementor-element elementor-element-95a41be e-flex e-con-boxed e-con e-parent\" data-id=\"95a41be\" data-element_type=\"container\" data-e-type=\"container\" data-settings=\"{&quot;background_background&quot;:&quot;classic&quot;}\">\n\t\t\t\t\t<div class=\"e-con-inner\">\n\t\t<div class=\"elementor-element elementor-element-f373819 e-con-full animated-slow e-flex elementor-invisible e-con e-child\" data-id=\"f373819\" data-element_type=\"container\" data-e-type=\"container\" data-settings=\"{&quot;animation&quot;:&quot;fadeInLeft&quot;}\">\n\t\t\t\t<div class=\"elementor-element elementor-element-cb8c155 elementor-position-top elementor-widget elementor-widget-image-box\" data-id=\"cb8c155\" data-element_type=\"widget\" data-e-type=\"widget\" data-widget_type=\"image-box.default\">\n\t\t\t\t<div class=\"elementor-widget-container\">\n\t\t\t\t\t<div class=\"elementor-image-box-wrapper\"><figure class=\"elementor-image-box-img\"><img fetchpriority=\"high\" decoding=\"async\" width=\"512\" height=\"512\" src=\"https:\/\/ariusingenieria.com\/wp-content\/uploads\/2025\/06\/audits_18197158.png\" class=\"attachment-full size-full wp-image-1065\" alt=\"\" srcset=\"https:\/\/ariusingenieria.com\/wp-content\/uploads\/2025\/06\/audits_18197158.png 512w, https:\/\/ariusingenieria.com\/wp-content\/uploads\/2025\/06\/audits_18197158-300x300.png 300w, https:\/\/ariusingenieria.com\/wp-content\/uploads\/2025\/06\/audits_18197158-150x150.png 150w, https:\/\/ariusingenieria.com\/wp-content\/uploads\/2025\/06\/audits_18197158-12x12.png 12w\" sizes=\"(max-width: 512px) 100vw, 512px\" \/><\/figure><div class=\"elementor-image-box-content\"><h3 class=\"elementor-image-box-title\">Legalizaci\u00f3n<\/h3><\/div><\/div>\t\t\t\t<\/div>\n\t\t\t\t<\/div>\n\t\t\t\t<\/div>\n\t\t<div class=\"elementor-element elementor-element-263a0a3 e-con-full animated-slow e-flex elementor-invisible e-con e-child\" data-id=\"263a0a3\" data-element_type=\"container\" data-e-type=\"container\" data-settings=\"{&quot;animation&quot;:&quot;fadeInUp&quot;}\">\n\t\t\t\t<div class=\"elementor-element elementor-element-41cc3b5 elementor-position-top elementor-widget elementor-widget-image-box\" data-id=\"41cc3b5\" data-element_type=\"widget\" data-e-type=\"widget\" data-widget_type=\"image-box.default\">\n\t\t\t\t<div class=\"elementor-widget-container\">\n\t\t\t\t\t<div class=\"elementor-image-box-wrapper\"><figure class=\"elementor-image-box-img\"><img decoding=\"async\" width=\"512\" height=\"512\" src=\"https:\/\/ariusingenieria.com\/wp-content\/uploads\/2025\/06\/interview_10939152.png\" class=\"attachment-full size-full wp-image-1067\" alt=\"\" srcset=\"https:\/\/ariusingenieria.com\/wp-content\/uploads\/2025\/06\/interview_10939152.png 512w, https:\/\/ariusingenieria.com\/wp-content\/uploads\/2025\/06\/interview_10939152-300x300.png 300w, https:\/\/ariusingenieria.com\/wp-content\/uploads\/2025\/06\/interview_10939152-150x150.png 150w, https:\/\/ariusingenieria.com\/wp-content\/uploads\/2025\/06\/interview_10939152-12x12.png 12w\" sizes=\"(max-width: 512px) 100vw, 512px\" \/><\/figure><div class=\"elementor-image-box-content\"><h3 class=\"elementor-image-box-title\">Gesti\u00f3n<\/h3><\/div><\/div>\t\t\t\t<\/div>\n\t\t\t\t<\/div>\n\t\t\t\t<\/div>\n\t\t<div class=\"elementor-element elementor-element-7807f63 e-con-full animated-slow e-flex elementor-invisible e-con e-child\" data-id=\"7807f63\" data-element_type=\"container\" data-e-type=\"container\" data-settings=\"{&quot;animation&quot;:&quot;fadeInRight&quot;}\">\n\t\t\t\t<div class=\"elementor-element elementor-element-25cb6e3 elementor-position-top elementor-widget elementor-widget-image-box\" data-id=\"25cb6e3\" data-element_type=\"widget\" data-e-type=\"widget\" data-widget_type=\"image-box.default\">\n\t\t\t\t<div class=\"elementor-widget-container\">\n\t\t\t\t\t<div class=\"elementor-image-box-wrapper\"><figure class=\"elementor-image-box-img\"><img decoding=\"async\" width=\"512\" height=\"512\" src=\"https:\/\/ariusingenieria.com\/wp-content\/uploads\/2025\/06\/contract_4796923.png\" class=\"attachment-full size-full wp-image-1066\" alt=\"\" srcset=\"https:\/\/ariusingenieria.com\/wp-content\/uploads\/2025\/06\/contract_4796923.png 512w, https:\/\/ariusingenieria.com\/wp-content\/uploads\/2025\/06\/contract_4796923-300x300.png 300w, https:\/\/ariusingenieria.com\/wp-content\/uploads\/2025\/06\/contract_4796923-150x150.png 150w, https:\/\/ariusingenieria.com\/wp-content\/uploads\/2025\/06\/contract_4796923-12x12.png 12w\" sizes=\"(max-width: 512px) 100vw, 512px\" \/><\/figure><div class=\"elementor-image-box-content\"><h3 class=\"elementor-image-box-title\">Dise\u00f1o<\/h3><\/div><\/div>\t\t\t\t<\/div>\n\t\t\t\t<\/div>\n\t\t\t\t<\/div>\n\t\t<div class=\"elementor-element elementor-element-59c6aa0 e-con-full animated-slow e-flex elementor-invisible e-con e-child\" data-id=\"59c6aa0\" data-element_type=\"container\" data-e-type=\"container\" data-settings=\"{&quot;animation&quot;:&quot;fadeInLeft&quot;,&quot;animation_delay&quot;:200}\">\n\t\t\t\t<div class=\"elementor-element elementor-element-7defc40 elementor-position-top elementor-widget elementor-widget-image-box\" data-id=\"7defc40\" data-element_type=\"widget\" data-e-type=\"widget\" data-widget_type=\"image-box.default\">\n\t\t\t\t<div class=\"elementor-widget-container\">\n\t\t\t\t\t<div class=\"elementor-image-box-wrapper\"><figure class=\"elementor-image-box-img\"><img loading=\"lazy\" decoding=\"async\" width=\"512\" height=\"512\" src=\"https:\/\/ariusingenieria.com\/wp-content\/uploads\/2025\/06\/period_11690862.png\" class=\"attachment-full size-full wp-image-1068\" alt=\"\" srcset=\"https:\/\/ariusingenieria.com\/wp-content\/uploads\/2025\/06\/period_11690862.png 512w, https:\/\/ariusingenieria.com\/wp-content\/uploads\/2025\/06\/period_11690862-300x300.png 300w, https:\/\/ariusingenieria.com\/wp-content\/uploads\/2025\/06\/period_11690862-150x150.png 150w, https:\/\/ariusingenieria.com\/wp-content\/uploads\/2025\/06\/period_11690862-12x12.png 12w\" sizes=\"(max-width: 512px) 100vw, 512px\" \/><\/figure><div class=\"elementor-image-box-content\"><h3 class=\"elementor-image-box-title\">Aerotermia<\/h3><\/div><\/div>\t\t\t\t<\/div>\n\t\t\t\t<\/div>\n\t\t\t\t<\/div>\n\t\t<div class=\"elementor-element elementor-element-0768264 e-con-full animated-slow e-flex elementor-invisible e-con e-child\" data-id=\"0768264\" data-element_type=\"container\" data-e-type=\"container\" data-settings=\"{&quot;animation&quot;:&quot;fadeInUp&quot;,&quot;animation_delay&quot;:200}\">\n\t\t\t\t<div class=\"elementor-element elementor-element-41db7e7 elementor-position-top elementor-widget elementor-widget-image-box\" data-id=\"41db7e7\" data-element_type=\"widget\" data-e-type=\"widget\" data-widget_type=\"image-box.default\">\n\t\t\t\t<div class=\"elementor-widget-container\">\n\t\t\t\t\t<div class=\"elementor-image-box-wrapper\"><figure class=\"elementor-image-box-img\"><img loading=\"lazy\" decoding=\"async\" width=\"512\" height=\"512\" src=\"https:\/\/ariusingenieria.com\/wp-content\/uploads\/2025\/06\/watcher_13326993.png\" class=\"attachment-full size-full wp-image-1069\" alt=\"\" srcset=\"https:\/\/ariusingenieria.com\/wp-content\/uploads\/2025\/06\/watcher_13326993.png 512w, https:\/\/ariusingenieria.com\/wp-content\/uploads\/2025\/06\/watcher_13326993-300x300.png 300w, https:\/\/ariusingenieria.com\/wp-content\/uploads\/2025\/06\/watcher_13326993-150x150.png 150w, https:\/\/ariusingenieria.com\/wp-content\/uploads\/2025\/06\/watcher_13326993-12x12.png 12w\" sizes=\"(max-width: 512px) 100vw, 512px\" \/><\/figure><div class=\"elementor-image-box-content\"><h3 class=\"elementor-image-box-title\">Ejecuci\u00f3n<\/h3><\/div><\/div>\t\t\t\t<\/div>\n\t\t\t\t<\/div>\n\t\t\t\t<\/div>\n\t\t\t\t\t<\/div>\n\t\t\t\t<\/div>\n\t\t\t\t<\/div>","protected":false},"excerpt":{"rendered":"<p>Inicio Contacto Nos encargamos de la legalizaci\u00f3n de la Actividad y gesti\u00f3n en la obtenci\u00f3n de Registros de Establecimientos Industriales en Andaluc\u00eda. Tambi\u00e9n dise\u00f1amos e implementamos instalaciones contraincendios en entornos industriales y no industriales. Destacamos en el dise\u00f1o de aerotermia. CONTACTAR Legalizaci\u00f3n Gesti\u00f3n Dise\u00f1o Aerotermia Ejecuci\u00f3n<\/p>","protected":false},"author":1,"featured_media":0,"parent":0,"menu_order":0,"comment_status":"closed","ping_status":"closed","template":"elementor_canvas","meta":{"footnotes":""},"class_list":["post-25","page","type-page","status-publish","hentry"],"yoast_head":"<!-- This site is optimized with the Yoast SEO plugin v27.4 - https:\/\/yoast.com\/product\/yoast-seo-wordpress\/ -->\n<title>Ingenier\u00eda Industrial - Arius Ingenier\u00eda E Inversiones S.L.<\/title>\n<meta name=\"robots\" content=\"index, follow, max-snippet:-1, max-image-preview:large, max-video-preview:-1\" \/>\n<link rel=\"canonical\" href=\"https:\/\/ariusingenieria.com\/en\/ingenieria-industrial\/\" \/>\n<meta property=\"og:locale\" content=\"en_GB\" \/>\n<meta property=\"og:type\" content=\"article\" \/>\n<meta property=\"og:title\" content=\"Ingenier\u00eda Industrial - Arius Ingenier\u00eda E Inversiones S.L.\" \/>\n<meta property=\"og:description\" content=\"Inicio Contacto Nos encargamos de la legalizaci\u00f3n de la Actividad y gesti\u00f3n en la obtenci\u00f3n de Registros de Establecimientos Industriales en Andaluc\u00eda. Tambi\u00e9n dise\u00f1amos e implementamos instalaciones contraincendios en entornos industriales y no industriales. Destacamos en el dise\u00f1o de aerotermia. CONTACTAR Legalizaci\u00f3n Gesti\u00f3n Dise\u00f1o Aerotermia Ejecuci\u00f3n\" \/>\n<meta property=\"og:url\" content=\"https:\/\/ariusingenieria.com\/en\/ingenieria-industrial\/\" \/>\n<meta property=\"og:site_name\" content=\"Arius Ingenier\u00eda E Inversiones S.L.\" \/>\n<meta property=\"article:modified_time\" content=\"2025-10-20T16:12:54+00:00\" \/>\n<meta property=\"og:image\" content=\"https:\/\/ariusingenieria.com\/wp-content\/uploads\/2025\/06\/audits_18197158.png\" \/>\n\t<meta property=\"og:image:width\" content=\"512\" \/>\n\t<meta property=\"og:image:height\" content=\"512\" \/>\n\t<meta property=\"og:image:type\" content=\"image\/png\" \/>\n<meta name=\"twitter:card\" content=\"summary_large_image\" \/>\n<meta name=\"twitter:label1\" content=\"Estimated reading time\" \/>\n\t<meta name=\"twitter:data1\" content=\"2 minutes\" \/>\n<script type=\"application\/ld+json\" class=\"yoast-schema-graph\">{\"@context\":\"https:\\\/\\\/schema.org\",\"@graph\":[{\"@type\":\"WebPage\",\"@id\":\"https:\\\/\\\/ariusingenieria.com\\\/ingenieria-industrial\\\/\",\"url\":\"https:\\\/\\\/ariusingenieria.com\\\/ingenieria-industrial\\\/\",\"name\":\"Ingenier\u00eda Industrial - Arius Ingenier\u00eda E Inversiones S.L.\",\"isPartOf\":{\"@id\":\"https:\\\/\\\/ariusingenieria.com\\\/#website\"},\"primaryImageOfPage\":{\"@id\":\"https:\\\/\\\/ariusingenieria.com\\\/ingenieria-industrial\\\/#primaryimage\"},\"image\":{\"@id\":\"https:\\\/\\\/ariusingenieria.com\\\/ingenieria-industrial\\\/#primaryimage\"},\"thumbnailUrl\":\"https:\\\/\\\/ariusingenieria.com\\\/wp-content\\\/uploads\\\/2025\\\/06\\\/audits_18197158.png\",\"datePublished\":\"2025-06-16T15:44:48+00:00\",\"dateModified\":\"2025-10-20T16:12:54+00:00\",\"breadcrumb\":{\"@id\":\"https:\\\/\\\/ariusingenieria.com\\\/ingenieria-industrial\\\/#breadcrumb\"},\"inLanguage\":\"en-GB\",\"potentialAction\":[{\"@type\":\"ReadAction\",\"target\":[\"https:\\\/\\\/ariusingenieria.com\\\/ingenieria-industrial\\\/\"]}]},{\"@type\":\"ImageObject\",\"inLanguage\":\"en-GB\",\"@id\":\"https:\\\/\\\/ariusingenieria.com\\\/ingenieria-industrial\\\/#primaryimage\",\"url\":\"https:\\\/\\\/ariusingenieria.com\\\/wp-content\\\/uploads\\\/2025\\\/06\\\/audits_18197158.png\",\"contentUrl\":\"https:\\\/\\\/ariusingenieria.com\\\/wp-content\\\/uploads\\\/2025\\\/06\\\/audits_18197158.png\"},{\"@type\":\"BreadcrumbList\",\"@id\":\"https:\\\/\\\/ariusingenieria.com\\\/ingenieria-industrial\\\/#breadcrumb\",\"itemListElement\":[{\"@type\":\"ListItem\",\"position\":1,\"name\":\"Portada\",\"item\":\"https:\\\/\\\/ariusingenieria.com\\\/\"},{\"@type\":\"ListItem\",\"position\":2,\"name\":\"Ingenier\u00eda Industrial\"}]},{\"@type\":\"WebSite\",\"@id\":\"https:\\\/\\\/ariusingenieria.com\\\/#website\",\"url\":\"https:\\\/\\\/ariusingenieria.com\\\/\",\"name\":\"Arius Ingenier\u00eda E Inversiones S.L.\",\"description\":\"\",\"publisher\":{\"@id\":\"https:\\\/\\\/ariusingenieria.com\\\/#organization\"},\"potentialAction\":[{\"@type\":\"SearchAction\",\"target\":{\"@type\":\"EntryPoint\",\"urlTemplate\":\"https:\\\/\\\/ariusingenieria.com\\\/?s={search_term_string}\"},\"query-input\":{\"@type\":\"PropertyValueSpecification\",\"valueRequired\":true,\"valueName\":\"search_term_string\"}}],\"inLanguage\":\"en-GB\"},{\"@type\":\"Organization\",\"@id\":\"https:\\\/\\\/ariusingenieria.com\\\/#organization\",\"name\":\"Arius Ingenier\u00eda E Inversiones S.L.\",\"url\":\"https:\\\/\\\/ariusingenieria.com\\\/\",\"logo\":{\"@type\":\"ImageObject\",\"inLanguage\":\"en-GB\",\"@id\":\"https:\\\/\\\/ariusingenieria.com\\\/#\\\/schema\\\/logo\\\/image\\\/\",\"url\":\"https:\\\/\\\/ariusingenieria.com\\\/wp-content\\\/uploads\\\/2025\\\/06\\\/cropped-Arius-Ingenieria-e-Inversiones-removebg-preview.png\",\"contentUrl\":\"https:\\\/\\\/ariusingenieria.com\\\/wp-content\\\/uploads\\\/2025\\\/06\\\/cropped-Arius-Ingenieria-e-Inversiones-removebg-preview.png\",\"width\":500,\"height\":500,\"caption\":\"Arius Ingenier\u00eda E Inversiones S.L.\"},\"image\":{\"@id\":\"https:\\\/\\\/ariusingenieria.com\\\/#\\\/schema\\\/logo\\\/image\\\/\"}}]}<\/script>\n<!-- \/ Yoast SEO plugin. -->","yoast_head_json":{"title":"Ingenier\u00eda Industrial - Arius Ingenier\u00eda E Inversiones S.L.","robots":{"index":"index","follow":"follow","max-snippet":"max-snippet:-1","max-image-preview":"max-image-preview:large","max-video-preview":"max-video-preview:-1"},"canonical":"https:\/\/ariusingenieria.com\/en\/ingenieria-industrial\/","og_locale":"en_GB","og_type":"article","og_title":"Ingenier\u00eda Industrial - Arius Ingenier\u00eda E Inversiones S.L.","og_description":"Inicio Contacto Nos encargamos de la legalizaci\u00f3n de la Actividad y gesti\u00f3n en la obtenci\u00f3n de Registros de Establecimientos Industriales en Andaluc\u00eda. Tambi\u00e9n dise\u00f1amos e implementamos instalaciones contraincendios en entornos industriales y no industriales. Destacamos en el dise\u00f1o de aerotermia. CONTACTAR Legalizaci\u00f3n Gesti\u00f3n Dise\u00f1o Aerotermia Ejecuci\u00f3n","og_url":"https:\/\/ariusingenieria.com\/en\/ingenieria-industrial\/","og_site_name":"Arius Ingenier\u00eda E Inversiones S.L.","article_modified_time":"2025-10-20T16:12:54+00:00","og_image":[{"width":512,"height":512,"url":"https:\/\/ariusingenieria.com\/wp-content\/uploads\/2025\/06\/audits_18197158.png","type":"image\/png"}],"twitter_card":"summary_large_image","twitter_misc":{"Estimated reading time":"2 minutes"},"schema":{"@context":"https:\/\/schema.org","@graph":[{"@type":"WebPage","@id":"https:\/\/ariusingenieria.com\/ingenieria-industrial\/","url":"https:\/\/ariusingenieria.com\/ingenieria-industrial\/","name":"Ingenier\u00eda Industrial - Arius Ingenier\u00eda E Inversiones S.L.","isPartOf":{"@id":"https:\/\/ariusingenieria.com\/#website"},"primaryImageOfPage":{"@id":"https:\/\/ariusingenieria.com\/ingenieria-industrial\/#primaryimage"},"image":{"@id":"https:\/\/ariusingenieria.com\/ingenieria-industrial\/#primaryimage"},"thumbnailUrl":"https:\/\/ariusingenieria.com\/wp-content\/uploads\/2025\/06\/audits_18197158.png","datePublished":"2025-06-16T15:44:48+00:00","dateModified":"2025-10-20T16:12:54+00:00","breadcrumb":{"@id":"https:\/\/ariusingenieria.com\/ingenieria-industrial\/#breadcrumb"},"inLanguage":"en-GB","potentialAction":[{"@type":"ReadAction","target":["https:\/\/ariusingenieria.com\/ingenieria-industrial\/"]}]},{"@type":"ImageObject","inLanguage":"en-GB","@id":"https:\/\/ariusingenieria.com\/ingenieria-industrial\/#primaryimage","url":"https:\/\/ariusingenieria.com\/wp-content\/uploads\/2025\/06\/audits_18197158.png","contentUrl":"https:\/\/ariusingenieria.com\/wp-content\/uploads\/2025\/06\/audits_18197158.png"},{"@type":"BreadcrumbList","@id":"https:\/\/ariusingenieria.com\/ingenieria-industrial\/#breadcrumb","itemListElement":[{"@type":"ListItem","position":1,"name":"Portada","item":"https:\/\/ariusingenieria.com\/"},{"@type":"ListItem","position":2,"name":"Ingenier\u00eda Industrial"}]},{"@type":"WebSite","@id":"https:\/\/ariusingenieria.com\/#website","url":"https:\/\/ariusingenieria.com\/","name":"Arius Ingenier\u00eda E Inversiones S.L.","description":"","publisher":{"@id":"https:\/\/ariusingenieria.com\/#organization"},"potentialAction":[{"@type":"SearchAction","target":{"@type":"EntryPoint","urlTemplate":"https:\/\/ariusingenieria.com\/?s={search_term_string}"},"query-input":{"@type":"PropertyValueSpecification","valueRequired":true,"valueName":"search_term_string"}}],"inLanguage":"en-GB"},{"@type":"Organization","@id":"https:\/\/ariusingenieria.com\/#organization","name":"Arius Ingenier\u00eda E Inversiones S.L.","url":"https:\/\/ariusingenieria.com\/","logo":{"@type":"ImageObject","inLanguage":"en-GB","@id":"https:\/\/ariusingenieria.com\/#\/schema\/logo\/image\/","url":"https:\/\/ariusingenieria.com\/wp-content\/uploads\/2025\/06\/cropped-Arius-Ingenieria-e-Inversiones-removebg-preview.png","contentUrl":"https:\/\/ariusingenieria.com\/wp-content\/uploads\/2025\/06\/cropped-Arius-Ingenieria-e-Inversiones-removebg-preview.png","width":500,"height":500,"caption":"Arius Ingenier\u00eda E Inversiones S.L."},"image":{"@id":"https:\/\/ariusingenieria.com\/#\/schema\/logo\/image\/"}}]}},"_links":{"self":[{"href":"https:\/\/ariusingenieria.com\/en\/wp-json\/wp\/v2\/pages\/25","targetHints":{"allow":["GET"]}}],"collection":[{"href":"https:\/\/ariusingenieria.com\/en\/wp-json\/wp\/v2\/pages"}],"about":[{"href":"https:\/\/ariusingenieria.com\/en\/wp-json\/wp\/v2\/types\/page"}],"author":[{"embeddable":true,"href":"https:\/\/ariusingenieria.com\/en\/wp-json\/wp\/v2\/users\/1"}],"replies":[{"embeddable":true,"href":"https:\/\/ariusingenieria.com\/en\/wp-json\/wp\/v2\/comments?post=25"}],"version-history":[{"count":148,"href":"https:\/\/ariusingenieria.com\/en\/wp-json\/wp\/v2\/pages\/25\/revisions"}],"predecessor-version":[{"id":2964,"href":"https:\/\/ariusingenieria.com\/en\/wp-json\/wp\/v2\/pages\/25\/revisions\/2964"}],"wp:attachment":[{"href":"https:\/\/ariusingenieria.com\/en\/wp-json\/wp\/v2\/media?parent=25"}],"curies":[{"name":"wp","href":"https:\/\/api.w.org\/{rel}","templated":true}]}}