{"id":24,"date":"2025-06-16T15:44:53","date_gmt":"2025-06-16T15:44:53","guid":{"rendered":"https:\/\/ariusingenieria.rkinformatika.online\/?page_id=24"},"modified":"2025-10-20T16:19:29","modified_gmt":"2025-10-20T16:19:29","slug":"asesoramiento-energetico","status":"publish","type":"page","link":"https:\/\/ariusingenieria.com\/en\/asesoramiento-energetico\/","title":{"rendered":"Energy Consulting"},"content":{"rendered":"<div data-elementor-type=\"wp-page\" data-elementor-id=\"24\" class=\"elementor elementor-24\" data-elementor-post-type=\"page\">\n\t\t\t\t<div class=\"elementor-element elementor-element-208eea3 e-flex e-con-boxed e-con e-parent\" data-id=\"208eea3\" data-element_type=\"container\" data-e-type=\"container\" data-settings=\"{&quot;background_background&quot;:&quot;classic&quot;}\">\n\t\t\t\t\t<div class=\"e-con-inner\">\n\t\t\t\t<div class=\"elementor-element elementor-element-f265a1d elementor-icon-list--layout-inline elementor-list-item-link-full_width elementor-widget elementor-widget-icon-list\" data-id=\"f265a1d\" data-element_type=\"widget\" data-e-type=\"widget\" data-widget_type=\"icon-list.default\">\n\t\t\t\t<div class=\"elementor-widget-container\">\n\t\t\t\t\t\t\t<ul class=\"elementor-icon-list-items elementor-inline-items\">\n\t\t\t\t\t\t\t<li class=\"elementor-icon-list-item elementor-inline-item\">\n\t\t\t\t\t\t\t\t\t\t\t<a href=\"https:\/\/ariusingenieria.com\/en\">\n\n\t\t\t\t\t\t\t\t\t\t\t<span class=\"elementor-icon-list-text\">Inicio<\/span>\n\t\t\t\t\t\t\t\t\t\t\t<\/a>\n\t\t\t\t\t\t\t\t\t<\/li>\n\t\t\t\t\t\t\t\t<li class=\"elementor-icon-list-item elementor-inline-item\">\n\t\t\t\t\t\t\t\t\t\t\t<a href=\"https:\/\/ariusingenieria.com\/en\/contacto\/\">\n\n\t\t\t\t\t\t\t\t\t\t\t\t<span class=\"elementor-icon-list-icon\">\n\t\t\t\t\t\t\t<svg aria-hidden=\"true\" class=\"e-font-icon-svg e-fas-caret-right\" viewbox=\"0 0 192 512\" xmlns=\"http:\/\/www.w3.org\/2000\/svg\"><path d=\"M0 384.662V127.338c0-17.818 21.543-26.741 34.142-14.142l128.662 128.662c7.81 7.81 7.81 20.474 0 28.284L34.142 398.804C21.543 411.404 0 402.48 0 384.662z\"><\/path><\/svg>\t\t\t\t\t\t<\/span>\n\t\t\t\t\t\t\t\t\t\t<span class=\"elementor-icon-list-text\">Contact<\/span>\n\t\t\t\t\t\t\t\t\t\t\t<\/a>\n\t\t\t\t\t\t\t\t\t<\/li>\n\t\t\t\t\t\t<\/ul>\n\t\t\t\t\t\t<\/div>\n\t\t\t\t<\/div>\n\t\t\t\t\t<\/div>\n\t\t\t\t<\/div>\n\t\t<div class=\"elementor-element elementor-element-d6b8cff e-flex e-con-boxed e-con e-parent\" data-id=\"d6b8cff\" data-element_type=\"container\" data-e-type=\"container\">\n\t\t\t\t\t<div class=\"e-con-inner\">\n\t\t<div class=\"elementor-element elementor-element-f9eb370 e-con-full e-flex e-con e-child\" data-id=\"f9eb370\" data-element_type=\"container\" data-e-type=\"container\">\n\t\t\t\t<div class=\"elementor-element elementor-element-9380c37 elementor-widget elementor-widget-text-editor\" data-id=\"9380c37\" data-element_type=\"widget\" data-e-type=\"widget\" data-widget_type=\"text-editor.default\">\n\t\t\t\t<div class=\"elementor-widget-container\">\n\t\t\t\t\t\t\t\t\t<p data-start=\"155\" data-end=\"358\">Nos encargamos de que la industria disponga siempre de toda la documentaci\u00f3n legal exigida por las administraciones p\u00fablicas, como libros de control, OCA\u2019s, contratos de mantenimiento, entre otros.<\/p><p data-start=\"360\" data-end=\"648\">Somos especialistas en asesor\u00eda, consultor\u00eda y gesti\u00f3n energ\u00e9tica. Elaboramos peri\u00f3dicamente informes en los que analizamos la situaci\u00f3n energ\u00e9tica de las instalaciones, ofreciendo un diagn\u00f3stico preciso y proponiendo medidas para optimizar los costes energ\u00e9ticos cuando es posible.<\/p><p data-start=\"650\" data-end=\"716\">Nuestro m\u00e9todo de trabajo se desarrolla en las siguientes fases:<\/p><ol data-start=\"718\" data-end=\"1036\"><li data-start=\"718\" data-end=\"765\"><p data-start=\"721\" data-end=\"765\">An\u00e1lisis de la contrataci\u00f3n energ\u00e9tica<\/p><\/li><li data-start=\"766\" data-end=\"946\"><p data-start=\"769\" data-end=\"946\">An\u00e1lisis de los consumos, considerando:<br data-start=\"812\" data-end=\"815\" \/>a. Discriminaci\u00f3n horaria<br data-start=\"843\" data-end=\"846\" \/>b. Potencias contratadas<br data-start=\"873\" data-end=\"876\" \/>c. Energ\u00eda reactiva<br data-start=\"898\" data-end=\"901\" \/>d. Penalizaciones<br data-start=\"921\" data-end=\"924\" \/>e. Otros factores<\/p><\/li><li data-start=\"947\" data-end=\"976\"><p data-start=\"950\" data-end=\"976\">Supervisi\u00f3n continua<\/p><\/li><li data-start=\"977\" data-end=\"1014\"><p data-start=\"980\" data-end=\"1014\">Valoraci\u00f3n de los resultados<\/p><\/li><li data-start=\"1015\" data-end=\"1036\"><p data-start=\"1018\" data-end=\"1036\">Conclusiones<\/p><\/li><\/ol><p data-start=\"1038\" data-end=\"1275\">Gracias a nuestra posici\u00f3n en el \u00e1mbito de la comercializaci\u00f3n energ\u00e9tica, tenemos acceso a las mejores ofertas del mercado, lo que nos permite conseguir para nuestros clientes los precios m\u00e1s competitivos en energ\u00eda el\u00e9ctrica.<\/p>\t\t\t\t\t\t\t\t<\/div>\n\t\t\t\t<\/div>\n\t\t\t\t<div class=\"elementor-element elementor-element-eb2b3b0 elementor-invisible elementor-widget elementor-widget-button\" data-id=\"eb2b3b0\" data-element_type=\"widget\" data-e-type=\"widget\" data-settings=\"{&quot;_animation&quot;:&quot;fadeInRight&quot;}\" data-widget_type=\"button.default\">\n\t\t\t\t<div class=\"elementor-widget-container\">\n\t\t\t\t\t\t\t\t\t<div class=\"elementor-button-wrapper\">\n\t\t\t\t\t<a class=\"elementor-button elementor-button-link elementor-size-sm elementor-animation-grow\" href=\"\/en\/contacto\/\">\n\t\t\t\t\t\t<span class=\"elementor-button-content-wrapper\">\n\t\t\t\t\t\t\t\t\t<span class=\"elementor-button-text\">CONTACTAR<\/span>\n\t\t\t\t\t<\/span>\n\t\t\t\t\t<\/a>\n\t\t\t\t<\/div>\n\t\t\t\t\t\t\t\t<\/div>\n\t\t\t\t<\/div>\n\t\t\t\t<\/div>\n\t\t<div class=\"elementor-element elementor-element-79aeb00 e-con-full e-flex e-con e-child\" data-id=\"79aeb00\" data-element_type=\"container\" data-e-type=\"container\" data-settings=\"{&quot;background_background&quot;:&quot;classic&quot;}\">\n\t\t\t\t<div class=\"elementor-element elementor-element-0721cd2 elementor-widget elementor-widget-spacer\" data-id=\"0721cd2\" data-element_type=\"widget\" data-e-type=\"widget\" data-widget_type=\"spacer.default\">\n\t\t\t\t<div class=\"elementor-widget-container\">\n\t\t\t\t\t\t\t<div class=\"elementor-spacer\">\n\t\t\t<div class=\"elementor-spacer-inner\"><\/div>\n\t\t<\/div>\n\t\t\t\t\t\t<\/div>\n\t\t\t\t<\/div>\n\t\t\t\t<\/div>\n\t\t\t\t\t<\/div>\n\t\t\t\t<\/div>\n\t\t<div class=\"elementor-element elementor-element-f17d9a7 e-flex e-con-boxed e-con e-parent\" data-id=\"f17d9a7\" data-element_type=\"container\" data-e-type=\"container\" data-settings=\"{&quot;background_background&quot;:&quot;classic&quot;}\">\n\t\t\t\t\t<div class=\"e-con-inner\">\n\t\t<div class=\"elementor-element elementor-element-98f6774 e-con-full animated-slow e-flex elementor-invisible e-con e-child\" data-id=\"98f6774\" data-element_type=\"container\" data-e-type=\"container\" data-settings=\"{&quot;animation&quot;:&quot;fadeInLeft&quot;}\">\n\t\t\t\t<div class=\"elementor-element elementor-element-0bf6892 elementor-position-top elementor-widget elementor-widget-image-box\" data-id=\"0bf6892\" data-element_type=\"widget\" data-e-type=\"widget\" data-widget_type=\"image-box.default\">\n\t\t\t\t<div class=\"elementor-widget-container\">\n\t\t\t\t\t<div class=\"elementor-image-box-wrapper\"><figure class=\"elementor-image-box-img\"><img fetchpriority=\"high\" decoding=\"async\" width=\"512\" height=\"512\" src=\"https:\/\/ariusingenieria.com\/wp-content\/uploads\/2025\/06\/audits_18197158.png\" class=\"attachment-full size-full wp-image-1065\" alt=\"\" srcset=\"https:\/\/ariusingenieria.com\/wp-content\/uploads\/2025\/06\/audits_18197158.png 512w, https:\/\/ariusingenieria.com\/wp-content\/uploads\/2025\/06\/audits_18197158-300x300.png 300w, https:\/\/ariusingenieria.com\/wp-content\/uploads\/2025\/06\/audits_18197158-150x150.png 150w, https:\/\/ariusingenieria.com\/wp-content\/uploads\/2025\/06\/audits_18197158-12x12.png 12w\" sizes=\"(max-width: 512px) 100vw, 512px\" \/><\/figure><div class=\"elementor-image-box-content\"><h3 class=\"elementor-image-box-title\">Estudio previo<\/h3><\/div><\/div>\t\t\t\t<\/div>\n\t\t\t\t<\/div>\n\t\t\t\t<\/div>\n\t\t<div class=\"elementor-element elementor-element-2bf466d e-con-full animated-slow e-flex elementor-invisible e-con e-child\" data-id=\"2bf466d\" data-element_type=\"container\" data-e-type=\"container\" data-settings=\"{&quot;animation&quot;:&quot;fadeInUp&quot;}\">\n\t\t\t\t<div class=\"elementor-element elementor-element-ea350e3 elementor-position-top elementor-widget elementor-widget-image-box\" data-id=\"ea350e3\" data-element_type=\"widget\" data-e-type=\"widget\" data-widget_type=\"image-box.default\">\n\t\t\t\t<div class=\"elementor-widget-container\">\n\t\t\t\t\t<div class=\"elementor-image-box-wrapper\"><figure class=\"elementor-image-box-img\"><img decoding=\"async\" width=\"512\" height=\"512\" src=\"https:\/\/ariusingenieria.com\/wp-content\/uploads\/2025\/06\/interview_10939152.png\" class=\"attachment-full size-full wp-image-1067\" alt=\"\" srcset=\"https:\/\/ariusingenieria.com\/wp-content\/uploads\/2025\/06\/interview_10939152.png 512w, https:\/\/ariusingenieria.com\/wp-content\/uploads\/2025\/06\/interview_10939152-300x300.png 300w, https:\/\/ariusingenieria.com\/wp-content\/uploads\/2025\/06\/interview_10939152-150x150.png 150w, https:\/\/ariusingenieria.com\/wp-content\/uploads\/2025\/06\/interview_10939152-12x12.png 12w\" sizes=\"(max-width: 512px) 100vw, 512px\" \/><\/figure><div class=\"elementor-image-box-content\"><h3 class=\"elementor-image-box-title\">Auditor\u00eda y consultor\u00eda<\/h3><\/div><\/div>\t\t\t\t<\/div>\n\t\t\t\t<\/div>\n\t\t\t\t<\/div>\n\t\t<div class=\"elementor-element elementor-element-aa2bc6d e-con-full animated-slow e-flex elementor-invisible e-con e-child\" data-id=\"aa2bc6d\" data-element_type=\"container\" data-e-type=\"container\" data-settings=\"{&quot;animation&quot;:&quot;fadeInDown&quot;}\">\n\t\t\t\t<div class=\"elementor-element elementor-element-378edee elementor-position-top elementor-widget elementor-widget-image-box\" data-id=\"378edee\" data-element_type=\"widget\" data-e-type=\"widget\" data-widget_type=\"image-box.default\">\n\t\t\t\t<div class=\"elementor-widget-container\">\n\t\t\t\t\t<div class=\"elementor-image-box-wrapper\"><figure class=\"elementor-image-box-img\"><img decoding=\"async\" width=\"512\" height=\"512\" src=\"https:\/\/ariusingenieria.com\/wp-content\/uploads\/2025\/06\/contract_4796923.png\" class=\"attachment-full size-full wp-image-1066\" alt=\"\" srcset=\"https:\/\/ariusingenieria.com\/wp-content\/uploads\/2025\/06\/contract_4796923.png 512w, https:\/\/ariusingenieria.com\/wp-content\/uploads\/2025\/06\/contract_4796923-300x300.png 300w, https:\/\/ariusingenieria.com\/wp-content\/uploads\/2025\/06\/contract_4796923-150x150.png 150w, https:\/\/ariusingenieria.com\/wp-content\/uploads\/2025\/06\/contract_4796923-12x12.png 12w\" sizes=\"(max-width: 512px) 100vw, 512px\" \/><\/figure><div class=\"elementor-image-box-content\"><h3 class=\"elementor-image-box-title\">Revisi\u00f3n y an\u00e1lisis<\/h3><\/div><\/div>\t\t\t\t<\/div>\n\t\t\t\t<\/div>\n\t\t\t\t<\/div>\n\t\t<div class=\"elementor-element elementor-element-92684c1 e-con-full animated-slow e-flex elementor-invisible e-con e-child\" data-id=\"92684c1\" data-element_type=\"container\" data-e-type=\"container\" data-settings=\"{&quot;animation&quot;:&quot;fadeInLeft&quot;,&quot;animation_delay&quot;:200}\">\n\t\t\t\t<div class=\"elementor-element elementor-element-f2cdaca elementor-position-top elementor-widget elementor-widget-image-box\" data-id=\"f2cdaca\" data-element_type=\"widget\" data-e-type=\"widget\" data-widget_type=\"image-box.default\">\n\t\t\t\t<div class=\"elementor-widget-container\">\n\t\t\t\t\t<div class=\"elementor-image-box-wrapper\"><figure class=\"elementor-image-box-img\"><img loading=\"lazy\" decoding=\"async\" width=\"512\" height=\"512\" src=\"https:\/\/ariusingenieria.com\/wp-content\/uploads\/2025\/06\/period_11690862.png\" class=\"attachment-full size-full wp-image-1068\" alt=\"\" srcset=\"https:\/\/ariusingenieria.com\/wp-content\/uploads\/2025\/06\/period_11690862.png 512w, https:\/\/ariusingenieria.com\/wp-content\/uploads\/2025\/06\/period_11690862-300x300.png 300w, https:\/\/ariusingenieria.com\/wp-content\/uploads\/2025\/06\/period_11690862-150x150.png 150w, https:\/\/ariusingenieria.com\/wp-content\/uploads\/2025\/06\/period_11690862-12x12.png 12w\" sizes=\"(max-width: 512px) 100vw, 512px\" \/><\/figure><div class=\"elementor-image-box-content\"><h3 class=\"elementor-image-box-title\">Informes mensuales<\/h3><\/div><\/div>\t\t\t\t<\/div>\n\t\t\t\t<\/div>\n\t\t\t\t<\/div>\n\t\t<div class=\"elementor-element elementor-element-0feea4d e-con-full animated-slow e-flex elementor-invisible e-con e-child\" data-id=\"0feea4d\" data-element_type=\"container\" data-e-type=\"container\" data-settings=\"{&quot;animation&quot;:&quot;fadeInUp&quot;,&quot;animation_delay&quot;:200}\">\n\t\t\t\t<div class=\"elementor-element elementor-element-d59c825 elementor-position-top elementor-widget elementor-widget-image-box\" data-id=\"d59c825\" data-element_type=\"widget\" data-e-type=\"widget\" data-widget_type=\"image-box.default\">\n\t\t\t\t<div class=\"elementor-widget-container\">\n\t\t\t\t\t<div class=\"elementor-image-box-wrapper\"><figure class=\"elementor-image-box-img\"><img loading=\"lazy\" decoding=\"async\" width=\"512\" height=\"512\" src=\"https:\/\/ariusingenieria.com\/wp-content\/uploads\/2025\/06\/watcher_13326993.png\" class=\"attachment-full size-full wp-image-1069\" alt=\"\" srcset=\"https:\/\/ariusingenieria.com\/wp-content\/uploads\/2025\/06\/watcher_13326993.png 512w, https:\/\/ariusingenieria.com\/wp-content\/uploads\/2025\/06\/watcher_13326993-300x300.png 300w, https:\/\/ariusingenieria.com\/wp-content\/uploads\/2025\/06\/watcher_13326993-150x150.png 150w, https:\/\/ariusingenieria.com\/wp-content\/uploads\/2025\/06\/watcher_13326993-12x12.png 12w\" sizes=\"(max-width: 512px) 100vw, 512px\" \/><\/figure><div class=\"elementor-image-box-content\"><h3 class=\"elementor-image-box-title\">Supervisi\u00f3n del mercado<\/h3><\/div><\/div>\t\t\t\t<\/div>\n\t\t\t\t<\/div>\n\t\t\t\t<\/div>\n\t\t<div class=\"elementor-element elementor-element-12b37b9 e-con-full animated-slow e-flex elementor-invisible e-con e-child\" data-id=\"12b37b9\" data-element_type=\"container\" data-e-type=\"container\" data-settings=\"{&quot;animation&quot;:&quot;fadeInRight&quot;,&quot;animation_delay&quot;:200}\">\n\t\t\t\t<div class=\"elementor-element elementor-element-749d256 elementor-position-top elementor-widget elementor-widget-image-box\" data-id=\"749d256\" data-element_type=\"widget\" data-e-type=\"widget\" data-widget_type=\"image-box.default\">\n\t\t\t\t<div class=\"elementor-widget-container\">\n\t\t\t\t\t<div class=\"elementor-image-box-wrapper\"><figure class=\"elementor-image-box-img\"><img loading=\"lazy\" decoding=\"async\" width=\"512\" height=\"512\" src=\"https:\/\/ariusingenieria.com\/wp-content\/uploads\/2025\/06\/write_17193746.png\" class=\"attachment-full size-full wp-image-1070\" alt=\"\" srcset=\"https:\/\/ariusingenieria.com\/wp-content\/uploads\/2025\/06\/write_17193746.png 512w, https:\/\/ariusingenieria.com\/wp-content\/uploads\/2025\/06\/write_17193746-300x300.png 300w, https:\/\/ariusingenieria.com\/wp-content\/uploads\/2025\/06\/write_17193746-150x150.png 150w, https:\/\/ariusingenieria.com\/wp-content\/uploads\/2025\/06\/write_17193746-12x12.png 12w\" sizes=\"(max-width: 512px) 100vw, 512px\" \/><\/figure><div class=\"elementor-image-box-content\"><h3 class=\"elementor-image-box-title\">Optimizaci\u00f3n de contratos<\/h3><\/div><\/div>\t\t\t\t<\/div>\n\t\t\t\t<\/div>\n\t\t\t\t<\/div>\n\t\t\t\t\t<\/div>\n\t\t\t\t<\/div>\n\t\t\t\t<\/div>","protected":false},"excerpt":{"rendered":"<p>Inicio Contacto Nos encargamos de que la industria disponga siempre de toda la documentaci\u00f3n legal exigida por las administraciones p\u00fablicas, como libros de control, OCA\u2019s, contratos de mantenimiento, entre otros. Somos especialistas en asesor\u00eda, consultor\u00eda y gesti\u00f3n energ\u00e9tica. Elaboramos peri\u00f3dicamente informes en los que analizamos la situaci\u00f3n energ\u00e9tica de las instalaciones, ofreciendo un diagn\u00f3stico preciso [&hellip;]<\/p>\n","protected":false},"author":1,"featured_media":0,"parent":0,"menu_order":0,"comment_status":"closed","ping_status":"closed","template":"elementor_canvas","meta":{"footnotes":""},"class_list":["post-24","page","type-page","status-publish","hentry"],"yoast_head":"<!-- This site is optimized with the Yoast SEO plugin v27.4 - https:\/\/yoast.com\/product\/yoast-seo-wordpress\/ -->\n<title>Asesoramiento Energ\u00e9tico - Arius Ingenier\u00eda E Inversiones S.L.<\/title>\n<meta name=\"robots\" content=\"index, follow, max-snippet:-1, max-image-preview:large, max-video-preview:-1\" \/>\n<link rel=\"canonical\" href=\"https:\/\/ariusingenieria.com\/en\/asesoramiento-energetico\/\" \/>\n<meta property=\"og:locale\" content=\"en_GB\" \/>\n<meta property=\"og:type\" content=\"article\" \/>\n<meta property=\"og:title\" content=\"Asesoramiento Energ\u00e9tico - Arius Ingenier\u00eda E Inversiones S.L.\" \/>\n<meta property=\"og:description\" content=\"Inicio Contacto Nos encargamos de que la industria disponga siempre de toda la documentaci\u00f3n legal exigida por las administraciones p\u00fablicas, como libros de control, OCA\u2019s, contratos de mantenimiento, entre otros. Somos especialistas en asesor\u00eda, consultor\u00eda y gesti\u00f3n energ\u00e9tica. Elaboramos peri\u00f3dicamente informes en los que analizamos la situaci\u00f3n energ\u00e9tica de las instalaciones, ofreciendo un diagn\u00f3stico preciso [&hellip;]\" \/>\n<meta property=\"og:url\" content=\"https:\/\/ariusingenieria.com\/en\/asesoramiento-energetico\/\" \/>\n<meta property=\"og:site_name\" content=\"Arius Ingenier\u00eda E Inversiones S.L.\" \/>\n<meta property=\"article:modified_time\" content=\"2025-10-20T16:19:29+00:00\" \/>\n<meta property=\"og:image\" content=\"https:\/\/ariusingenieria.com\/wp-content\/uploads\/2025\/06\/audits_18197158.png\" \/>\n\t<meta property=\"og:image:width\" content=\"512\" \/>\n\t<meta property=\"og:image:height\" content=\"512\" \/>\n\t<meta property=\"og:image:type\" content=\"image\/png\" \/>\n<meta name=\"twitter:card\" content=\"summary_large_image\" \/>\n<meta name=\"twitter:label1\" content=\"Estimated reading time\" \/>\n\t<meta name=\"twitter:data1\" content=\"2 minutes\" \/>\n<script type=\"application\/ld+json\" class=\"yoast-schema-graph\">{\"@context\":\"https:\\\/\\\/schema.org\",\"@graph\":[{\"@type\":\"WebPage\",\"@id\":\"https:\\\/\\\/ariusingenieria.com\\\/asesoramiento-energetico\\\/\",\"url\":\"https:\\\/\\\/ariusingenieria.com\\\/asesoramiento-energetico\\\/\",\"name\":\"Asesoramiento Energ\u00e9tico - Arius Ingenier\u00eda E Inversiones S.L.\",\"isPartOf\":{\"@id\":\"https:\\\/\\\/ariusingenieria.com\\\/#website\"},\"primaryImageOfPage\":{\"@id\":\"https:\\\/\\\/ariusingenieria.com\\\/asesoramiento-energetico\\\/#primaryimage\"},\"image\":{\"@id\":\"https:\\\/\\\/ariusingenieria.com\\\/asesoramiento-energetico\\\/#primaryimage\"},\"thumbnailUrl\":\"https:\\\/\\\/ariusingenieria.com\\\/wp-content\\\/uploads\\\/2025\\\/06\\\/audits_18197158.png\",\"datePublished\":\"2025-06-16T15:44:53+00:00\",\"dateModified\":\"2025-10-20T16:19:29+00:00\",\"breadcrumb\":{\"@id\":\"https:\\\/\\\/ariusingenieria.com\\\/asesoramiento-energetico\\\/#breadcrumb\"},\"inLanguage\":\"en-GB\",\"potentialAction\":[{\"@type\":\"ReadAction\",\"target\":[\"https:\\\/\\\/ariusingenieria.com\\\/asesoramiento-energetico\\\/\"]}]},{\"@type\":\"ImageObject\",\"inLanguage\":\"en-GB\",\"@id\":\"https:\\\/\\\/ariusingenieria.com\\\/asesoramiento-energetico\\\/#primaryimage\",\"url\":\"https:\\\/\\\/ariusingenieria.com\\\/wp-content\\\/uploads\\\/2025\\\/06\\\/audits_18197158.png\",\"contentUrl\":\"https:\\\/\\\/ariusingenieria.com\\\/wp-content\\\/uploads\\\/2025\\\/06\\\/audits_18197158.png\"},{\"@type\":\"BreadcrumbList\",\"@id\":\"https:\\\/\\\/ariusingenieria.com\\\/asesoramiento-energetico\\\/#breadcrumb\",\"itemListElement\":[{\"@type\":\"ListItem\",\"position\":1,\"name\":\"Portada\",\"item\":\"https:\\\/\\\/ariusingenieria.com\\\/\"},{\"@type\":\"ListItem\",\"position\":2,\"name\":\"Asesoramiento Energ\u00e9tico\"}]},{\"@type\":\"WebSite\",\"@id\":\"https:\\\/\\\/ariusingenieria.com\\\/#website\",\"url\":\"https:\\\/\\\/ariusingenieria.com\\\/\",\"name\":\"Arius Ingenier\u00eda E Inversiones S.L.\",\"description\":\"\",\"publisher\":{\"@id\":\"https:\\\/\\\/ariusingenieria.com\\\/#organization\"},\"potentialAction\":[{\"@type\":\"SearchAction\",\"target\":{\"@type\":\"EntryPoint\",\"urlTemplate\":\"https:\\\/\\\/ariusingenieria.com\\\/?s={search_term_string}\"},\"query-input\":{\"@type\":\"PropertyValueSpecification\",\"valueRequired\":true,\"valueName\":\"search_term_string\"}}],\"inLanguage\":\"en-GB\"},{\"@type\":\"Organization\",\"@id\":\"https:\\\/\\\/ariusingenieria.com\\\/#organization\",\"name\":\"Arius Ingenier\u00eda E Inversiones S.L.\",\"url\":\"https:\\\/\\\/ariusingenieria.com\\\/\",\"logo\":{\"@type\":\"ImageObject\",\"inLanguage\":\"en-GB\",\"@id\":\"https:\\\/\\\/ariusingenieria.com\\\/#\\\/schema\\\/logo\\\/image\\\/\",\"url\":\"https:\\\/\\\/ariusingenieria.com\\\/wp-content\\\/uploads\\\/2025\\\/06\\\/cropped-Arius-Ingenieria-e-Inversiones-removebg-preview.png\",\"contentUrl\":\"https:\\\/\\\/ariusingenieria.com\\\/wp-content\\\/uploads\\\/2025\\\/06\\\/cropped-Arius-Ingenieria-e-Inversiones-removebg-preview.png\",\"width\":500,\"height\":500,\"caption\":\"Arius Ingenier\u00eda E Inversiones S.L.\"},\"image\":{\"@id\":\"https:\\\/\\\/ariusingenieria.com\\\/#\\\/schema\\\/logo\\\/image\\\/\"}}]}<\/script>\n<!-- \/ Yoast SEO plugin. -->","yoast_head_json":{"title":"Asesoramiento Energ\u00e9tico - Arius Ingenier\u00eda E Inversiones S.L.","robots":{"index":"index","follow":"follow","max-snippet":"max-snippet:-1","max-image-preview":"max-image-preview:large","max-video-preview":"max-video-preview:-1"},"canonical":"https:\/\/ariusingenieria.com\/en\/asesoramiento-energetico\/","og_locale":"en_GB","og_type":"article","og_title":"Asesoramiento Energ\u00e9tico - Arius Ingenier\u00eda E Inversiones S.L.","og_description":"Inicio Contacto Nos encargamos de que la industria disponga siempre de toda la documentaci\u00f3n legal exigida por las administraciones p\u00fablicas, como libros de control, OCA\u2019s, contratos de mantenimiento, entre otros. Somos especialistas en asesor\u00eda, consultor\u00eda y gesti\u00f3n energ\u00e9tica. Elaboramos peri\u00f3dicamente informes en los que analizamos la situaci\u00f3n energ\u00e9tica de las instalaciones, ofreciendo un diagn\u00f3stico preciso [&hellip;]","og_url":"https:\/\/ariusingenieria.com\/en\/asesoramiento-energetico\/","og_site_name":"Arius Ingenier\u00eda E Inversiones S.L.","article_modified_time":"2025-10-20T16:19:29+00:00","og_image":[{"width":512,"height":512,"url":"https:\/\/ariusingenieria.com\/wp-content\/uploads\/2025\/06\/audits_18197158.png","type":"image\/png"}],"twitter_card":"summary_large_image","twitter_misc":{"Estimated reading time":"2 minutes"},"schema":{"@context":"https:\/\/schema.org","@graph":[{"@type":"WebPage","@id":"https:\/\/ariusingenieria.com\/asesoramiento-energetico\/","url":"https:\/\/ariusingenieria.com\/asesoramiento-energetico\/","name":"Asesoramiento Energ\u00e9tico - Arius Ingenier\u00eda E Inversiones S.L.","isPartOf":{"@id":"https:\/\/ariusingenieria.com\/#website"},"primaryImageOfPage":{"@id":"https:\/\/ariusingenieria.com\/asesoramiento-energetico\/#primaryimage"},"image":{"@id":"https:\/\/ariusingenieria.com\/asesoramiento-energetico\/#primaryimage"},"thumbnailUrl":"https:\/\/ariusingenieria.com\/wp-content\/uploads\/2025\/06\/audits_18197158.png","datePublished":"2025-06-16T15:44:53+00:00","dateModified":"2025-10-20T16:19:29+00:00","breadcrumb":{"@id":"https:\/\/ariusingenieria.com\/asesoramiento-energetico\/#breadcrumb"},"inLanguage":"en-GB","potentialAction":[{"@type":"ReadAction","target":["https:\/\/ariusingenieria.com\/asesoramiento-energetico\/"]}]},{"@type":"ImageObject","inLanguage":"en-GB","@id":"https:\/\/ariusingenieria.com\/asesoramiento-energetico\/#primaryimage","url":"https:\/\/ariusingenieria.com\/wp-content\/uploads\/2025\/06\/audits_18197158.png","contentUrl":"https:\/\/ariusingenieria.com\/wp-content\/uploads\/2025\/06\/audits_18197158.png"},{"@type":"BreadcrumbList","@id":"https:\/\/ariusingenieria.com\/asesoramiento-energetico\/#breadcrumb","itemListElement":[{"@type":"ListItem","position":1,"name":"Portada","item":"https:\/\/ariusingenieria.com\/"},{"@type":"ListItem","position":2,"name":"Asesoramiento Energ\u00e9tico"}]},{"@type":"WebSite","@id":"https:\/\/ariusingenieria.com\/#website","url":"https:\/\/ariusingenieria.com\/","name":"Arius Ingenier\u00eda E Inversiones S.L.","description":"","publisher":{"@id":"https:\/\/ariusingenieria.com\/#organization"},"potentialAction":[{"@type":"SearchAction","target":{"@type":"EntryPoint","urlTemplate":"https:\/\/ariusingenieria.com\/?s={search_term_string}"},"query-input":{"@type":"PropertyValueSpecification","valueRequired":true,"valueName":"search_term_string"}}],"inLanguage":"en-GB"},{"@type":"Organization","@id":"https:\/\/ariusingenieria.com\/#organization","name":"Arius Ingenier\u00eda E Inversiones S.L.","url":"https:\/\/ariusingenieria.com\/","logo":{"@type":"ImageObject","inLanguage":"en-GB","@id":"https:\/\/ariusingenieria.com\/#\/schema\/logo\/image\/","url":"https:\/\/ariusingenieria.com\/wp-content\/uploads\/2025\/06\/cropped-Arius-Ingenieria-e-Inversiones-removebg-preview.png","contentUrl":"https:\/\/ariusingenieria.com\/wp-content\/uploads\/2025\/06\/cropped-Arius-Ingenieria-e-Inversiones-removebg-preview.png","width":500,"height":500,"caption":"Arius Ingenier\u00eda E Inversiones S.L."},"image":{"@id":"https:\/\/ariusingenieria.com\/#\/schema\/logo\/image\/"}}]}},"_links":{"self":[{"href":"https:\/\/ariusingenieria.com\/en\/wp-json\/wp\/v2\/pages\/24","targetHints":{"allow":["GET"]}}],"collection":[{"href":"https:\/\/ariusingenieria.com\/en\/wp-json\/wp\/v2\/pages"}],"about":[{"href":"https:\/\/ariusingenieria.com\/en\/wp-json\/wp\/v2\/types\/page"}],"author":[{"embeddable":true,"href":"https:\/\/ariusingenieria.com\/en\/wp-json\/wp\/v2\/users\/1"}],"replies":[{"embeddable":true,"href":"https:\/\/ariusingenieria.com\/en\/wp-json\/wp\/v2\/comments?post=24"}],"version-history":[{"count":167,"href":"https:\/\/ariusingenieria.com\/en\/wp-json\/wp\/v2\/pages\/24\/revisions"}],"predecessor-version":[{"id":2985,"href":"https:\/\/ariusingenieria.com\/en\/wp-json\/wp\/v2\/pages\/24\/revisions\/2985"}],"wp:attachment":[{"href":"https:\/\/ariusingenieria.com\/en\/wp-json\/wp\/v2\/media?parent=24"}],"curies":[{"name":"wp","href":"https:\/\/api.w.org\/{rel}","templated":true}]}}