{"id":23,"date":"2025-06-16T15:44:30","date_gmt":"2025-06-16T15:44:30","guid":{"rendered":"https:\/\/ariusingenieria.rkinformatika.online\/?page_id=23"},"modified":"2025-10-20T16:13:29","modified_gmt":"2025-10-20T16:13:29","slug":"ingenieria-electrica","status":"publish","type":"page","link":"https:\/\/ariusingenieria.com\/en\/ingenieria-electrica\/","title":{"rendered":"Electrical Engineering"},"content":{"rendered":"<div data-elementor-type=\"wp-page\" data-elementor-id=\"23\" class=\"elementor elementor-23\" data-elementor-post-type=\"page\">\n\t\t\t\t<div class=\"elementor-element elementor-element-02c7f41 e-flex e-con-boxed e-con e-parent\" data-id=\"02c7f41\" data-element_type=\"container\" data-e-type=\"container\" data-settings=\"{&quot;background_background&quot;:&quot;classic&quot;}\">\n\t\t\t\t\t<div class=\"e-con-inner\">\n\t\t\t\t<div class=\"elementor-element elementor-element-ece2f29 elementor-icon-list--layout-inline elementor-list-item-link-full_width elementor-widget elementor-widget-icon-list\" data-id=\"ece2f29\" data-element_type=\"widget\" data-e-type=\"widget\" data-widget_type=\"icon-list.default\">\n\t\t\t\t<div class=\"elementor-widget-container\">\n\t\t\t\t\t\t\t<ul class=\"elementor-icon-list-items elementor-inline-items\">\n\t\t\t\t\t\t\t<li class=\"elementor-icon-list-item elementor-inline-item\">\n\t\t\t\t\t\t\t\t\t\t\t<a href=\"https:\/\/ariusingenieria.com\/en\">\n\n\t\t\t\t\t\t\t\t\t\t\t<span class=\"elementor-icon-list-text\">Inicio<\/span>\n\t\t\t\t\t\t\t\t\t\t\t<\/a>\n\t\t\t\t\t\t\t\t\t<\/li>\n\t\t\t\t\t\t\t\t<li class=\"elementor-icon-list-item elementor-inline-item\">\n\t\t\t\t\t\t\t\t\t\t\t<a href=\"https:\/\/ariusingenieria.com\/en\/contacto\/\">\n\n\t\t\t\t\t\t\t\t\t\t\t\t<span class=\"elementor-icon-list-icon\">\n\t\t\t\t\t\t\t<svg aria-hidden=\"true\" class=\"e-font-icon-svg e-fas-caret-right\" viewbox=\"0 0 192 512\" xmlns=\"http:\/\/www.w3.org\/2000\/svg\"><path d=\"M0 384.662V127.338c0-17.818 21.543-26.741 34.142-14.142l128.662 128.662c7.81 7.81 7.81 20.474 0 28.284L34.142 398.804C21.543 411.404 0 402.48 0 384.662z\"><\/path><\/svg>\t\t\t\t\t\t<\/span>\n\t\t\t\t\t\t\t\t\t\t<span class=\"elementor-icon-list-text\">Contact<\/span>\n\t\t\t\t\t\t\t\t\t\t\t<\/a>\n\t\t\t\t\t\t\t\t\t<\/li>\n\t\t\t\t\t\t<\/ul>\n\t\t\t\t\t\t<\/div>\n\t\t\t\t<\/div>\n\t\t\t\t\t<\/div>\n\t\t\t\t<\/div>\n\t\t<div class=\"elementor-element elementor-element-18858a4 e-flex e-con-boxed e-con e-parent\" data-id=\"18858a4\" data-element_type=\"container\" data-e-type=\"container\">\n\t\t\t\t\t<div class=\"e-con-inner\">\n\t\t<div class=\"elementor-element elementor-element-ec66a00 e-con-full e-flex e-con e-child\" data-id=\"ec66a00\" data-element_type=\"container\" data-e-type=\"container\">\n\t\t\t\t<div class=\"elementor-element elementor-element-563308e elementor-widget elementor-widget-text-editor\" data-id=\"563308e\" data-element_type=\"widget\" data-e-type=\"widget\" data-widget_type=\"text-editor.default\">\n\t\t\t\t<div class=\"elementor-widget-container\">\n\t\t\t\t\t\t\t\t\t<p>Arius ofrece servicios integrales de ingenier\u00eda el\u00e9ctrica tanto en el sector fotovoltaico como en la instalaci\u00f3n de centros de transformaci\u00f3n a\u00e9reos e interiores. Desde el dise\u00f1o hasta la ejecuci\u00f3n, nuestro equipo se especializa en trabajos de alta y baja tensi\u00f3n, fotovoltaica y renovables en general.<\/p><p>Somos PARTNER (distribuidores) de financieras de elevado prestigio que nos permiten dar un producto \u201cLLAVE EN MANO\u201d bajo la modalidad de \u201cRENTING TECNOL\u00d3GICO\u201d. La inversi\u00f3n la realizamos, ofreciendo un alquiler de la instalaci\u00f3n, siendo los costes del renting inferiores a los ingresos de los beneficios.<\/p>\t\t\t\t\t\t\t\t<\/div>\n\t\t\t\t<\/div>\n\t\t\t\t<div class=\"elementor-element elementor-element-878f7d5 elementor-invisible elementor-widget elementor-widget-button\" data-id=\"878f7d5\" data-element_type=\"widget\" data-e-type=\"widget\" data-settings=\"{&quot;_animation&quot;:&quot;fadeInRight&quot;}\" data-widget_type=\"button.default\">\n\t\t\t\t<div class=\"elementor-widget-container\">\n\t\t\t\t\t\t\t\t\t<div class=\"elementor-button-wrapper\">\n\t\t\t\t\t<a class=\"elementor-button elementor-button-link elementor-size-sm elementor-animation-grow\" href=\"\/en\/contacto\/\">\n\t\t\t\t\t\t<span class=\"elementor-button-content-wrapper\">\n\t\t\t\t\t\t\t\t\t<span class=\"elementor-button-text\">CONTACTAR<\/span>\n\t\t\t\t\t<\/span>\n\t\t\t\t\t<\/a>\n\t\t\t\t<\/div>\n\t\t\t\t\t\t\t\t<\/div>\n\t\t\t\t<\/div>\n\t\t\t\t<\/div>\n\t\t<div class=\"elementor-element elementor-element-939d20c e-con-full e-flex e-con e-child\" data-id=\"939d20c\" data-element_type=\"container\" data-e-type=\"container\" data-settings=\"{&quot;background_background&quot;:&quot;classic&quot;}\">\n\t\t\t\t<div class=\"elementor-element elementor-element-9401873 elementor-widget elementor-widget-spacer\" data-id=\"9401873\" data-element_type=\"widget\" data-e-type=\"widget\" data-widget_type=\"spacer.default\">\n\t\t\t\t<div class=\"elementor-widget-container\">\n\t\t\t\t\t\t\t<div class=\"elementor-spacer\">\n\t\t\t<div class=\"elementor-spacer-inner\"><\/div>\n\t\t<\/div>\n\t\t\t\t\t\t<\/div>\n\t\t\t\t<\/div>\n\t\t\t\t<\/div>\n\t\t\t\t\t<\/div>\n\t\t\t\t<\/div>\n\t\t<div class=\"elementor-element elementor-element-60cba57 e-flex e-con-boxed e-con e-parent\" data-id=\"60cba57\" data-element_type=\"container\" data-e-type=\"container\" data-settings=\"{&quot;background_background&quot;:&quot;classic&quot;}\">\n\t\t\t\t\t<div class=\"e-con-inner\">\n\t\t<div class=\"elementor-element elementor-element-ee55d7b e-con-full animated-slow e-flex elementor-invisible e-con e-child\" data-id=\"ee55d7b\" data-element_type=\"container\" data-e-type=\"container\" data-settings=\"{&quot;animation&quot;:&quot;fadeInLeft&quot;,&quot;animation_delay&quot;:300}\">\n\t\t\t\t<div class=\"elementor-element elementor-element-289728d elementor-position-top elementor-widget elementor-widget-image-box\" data-id=\"289728d\" data-element_type=\"widget\" data-e-type=\"widget\" data-widget_type=\"image-box.default\">\n\t\t\t\t<div class=\"elementor-widget-container\">\n\t\t\t\t\t<div class=\"elementor-image-box-wrapper\"><figure class=\"elementor-image-box-img\"><img fetchpriority=\"high\" decoding=\"async\" width=\"512\" height=\"512\" src=\"https:\/\/ariusingenieria.com\/wp-content\/uploads\/2025\/06\/solar-panel_10854227.png\" class=\"attachment-full size-full wp-image-902\" alt=\"\" srcset=\"https:\/\/ariusingenieria.com\/wp-content\/uploads\/2025\/06\/solar-panel_10854227.png 512w, https:\/\/ariusingenieria.com\/wp-content\/uploads\/2025\/06\/solar-panel_10854227-300x300.png 300w, https:\/\/ariusingenieria.com\/wp-content\/uploads\/2025\/06\/solar-panel_10854227-150x150.png 150w, https:\/\/ariusingenieria.com\/wp-content\/uploads\/2025\/06\/solar-panel_10854227-12x12.png 12w\" sizes=\"(max-width: 512px) 100vw, 512px\" \/><\/figure><div class=\"elementor-image-box-content\"><h3 class=\"elementor-image-box-title\">Fotovoltaica<\/h3><\/div><\/div>\t\t\t\t<\/div>\n\t\t\t\t<\/div>\n\t\t\t\t<\/div>\n\t\t<div class=\"elementor-element elementor-element-bd51386 e-con-full animated-slow e-flex elementor-invisible e-con e-child\" data-id=\"bd51386\" data-element_type=\"container\" data-e-type=\"container\" data-settings=\"{&quot;animation&quot;:&quot;fadeInLeft&quot;}\">\n\t\t\t\t<div class=\"elementor-element elementor-element-0924907 elementor-position-top elementor-widget elementor-widget-image-box\" data-id=\"0924907\" data-element_type=\"widget\" data-e-type=\"widget\" data-widget_type=\"image-box.default\">\n\t\t\t\t<div class=\"elementor-widget-container\">\n\t\t\t\t\t<div class=\"elementor-image-box-wrapper\"><figure class=\"elementor-image-box-img\"><img decoding=\"async\" width=\"512\" height=\"512\" src=\"https:\/\/ariusingenieria.com\/wp-content\/uploads\/2025\/06\/renewable-energy_17309555.png\" class=\"attachment-full size-full wp-image-912\" alt=\"\" srcset=\"https:\/\/ariusingenieria.com\/wp-content\/uploads\/2025\/06\/renewable-energy_17309555.png 512w, https:\/\/ariusingenieria.com\/wp-content\/uploads\/2025\/06\/renewable-energy_17309555-300x300.png 300w, https:\/\/ariusingenieria.com\/wp-content\/uploads\/2025\/06\/renewable-energy_17309555-150x150.png 150w, https:\/\/ariusingenieria.com\/wp-content\/uploads\/2025\/06\/renewable-energy_17309555-12x12.png 12w\" sizes=\"(max-width: 512px) 100vw, 512px\" \/><\/figure><div class=\"elementor-image-box-content\"><h3 class=\"elementor-image-box-title\">Renovables<\/h3><\/div><\/div>\t\t\t\t<\/div>\n\t\t\t\t<\/div>\n\t\t\t\t<\/div>\n\t\t<div class=\"elementor-element elementor-element-16c8ee8 e-con-full animated-slow e-flex elementor-invisible e-con e-child\" data-id=\"16c8ee8\" data-element_type=\"container\" data-e-type=\"container\" data-settings=\"{&quot;animation&quot;:&quot;fadeInRight&quot;}\">\n\t\t\t\t<div class=\"elementor-element elementor-element-787a4f4 elementor-position-top elementor-widget elementor-widget-image-box\" data-id=\"787a4f4\" data-element_type=\"widget\" data-e-type=\"widget\" data-widget_type=\"image-box.default\">\n\t\t\t\t<div class=\"elementor-widget-container\">\n\t\t\t\t\t<div class=\"elementor-image-box-wrapper\"><figure class=\"elementor-image-box-img\"><img decoding=\"async\" width=\"512\" height=\"512\" src=\"https:\/\/ariusingenieria.com\/wp-content\/uploads\/2025\/06\/dial_6630289.png\" class=\"attachment-full size-full wp-image-913\" alt=\"\" srcset=\"https:\/\/ariusingenieria.com\/wp-content\/uploads\/2025\/06\/dial_6630289.png 512w, https:\/\/ariusingenieria.com\/wp-content\/uploads\/2025\/06\/dial_6630289-300x300.png 300w, https:\/\/ariusingenieria.com\/wp-content\/uploads\/2025\/06\/dial_6630289-150x150.png 150w, https:\/\/ariusingenieria.com\/wp-content\/uploads\/2025\/06\/dial_6630289-12x12.png 12w\" sizes=\"(max-width: 512px) 100vw, 512px\" \/><\/figure><div class=\"elementor-image-box-content\"><h3 class=\"elementor-image-box-title\">Alta tensi\u00f3n<\/h3><\/div><\/div>\t\t\t\t<\/div>\n\t\t\t\t<\/div>\n\t\t\t\t<\/div>\n\t\t<div class=\"elementor-element elementor-element-e823b28 e-con-full animated-slow e-flex elementor-invisible e-con e-child\" data-id=\"e823b28\" data-element_type=\"container\" data-e-type=\"container\" data-settings=\"{&quot;animation&quot;:&quot;fadeInRight&quot;,&quot;animation_delay&quot;:300}\">\n\t\t\t\t<div class=\"elementor-element elementor-element-7e1cfd5 elementor-position-top elementor-widget elementor-widget-image-box\" data-id=\"7e1cfd5\" data-element_type=\"widget\" data-e-type=\"widget\" data-widget_type=\"image-box.default\">\n\t\t\t\t<div class=\"elementor-widget-container\">\n\t\t\t\t\t<div class=\"elementor-image-box-wrapper\"><figure class=\"elementor-image-box-img\"><img loading=\"lazy\" decoding=\"async\" width=\"512\" height=\"512\" src=\"https:\/\/ariusingenieria.com\/wp-content\/uploads\/2025\/06\/manat_11864082.png\" class=\"attachment-full size-full wp-image-914\" alt=\"\" srcset=\"https:\/\/ariusingenieria.com\/wp-content\/uploads\/2025\/06\/manat_11864082.png 512w, https:\/\/ariusingenieria.com\/wp-content\/uploads\/2025\/06\/manat_11864082-300x300.png 300w, https:\/\/ariusingenieria.com\/wp-content\/uploads\/2025\/06\/manat_11864082-150x150.png 150w, https:\/\/ariusingenieria.com\/wp-content\/uploads\/2025\/06\/manat_11864082-12x12.png 12w\" sizes=\"(max-width: 512px) 100vw, 512px\" \/><\/figure><div class=\"elementor-image-box-content\"><h3 class=\"elementor-image-box-title\">Baja tensi\u00f3n<\/h3><\/div><\/div>\t\t\t\t<\/div>\n\t\t\t\t<\/div>\n\t\t\t\t<\/div>\n\t\t\t\t\t<\/div>\n\t\t\t\t<\/div>\n\t\t\t\t<\/div>","protected":false},"excerpt":{"rendered":"<p>Inicio Contacto Arius ofrece servicios integrales de ingenier\u00eda el\u00e9ctrica tanto en el sector fotovoltaico como en la instalaci\u00f3n de centros de transformaci\u00f3n a\u00e9reos e interiores. Desde el dise\u00f1o hasta la ejecuci\u00f3n, nuestro equipo se especializa en trabajos de alta y baja tensi\u00f3n, fotovoltaica y renovables en general. Somos PARTNER (distribuidores) de financieras de elevado prestigio [&hellip;]<\/p>\n","protected":false},"author":1,"featured_media":0,"parent":0,"menu_order":0,"comment_status":"closed","ping_status":"closed","template":"elementor_canvas","meta":{"footnotes":""},"class_list":["post-23","page","type-page","status-publish","hentry"],"yoast_head":"<!-- This site is optimized with the Yoast SEO plugin v27.4 - https:\/\/yoast.com\/product\/yoast-seo-wordpress\/ -->\n<title>Ingenier\u00eda El\u00e9ctrica - Arius Ingenier\u00eda E Inversiones S.L.<\/title>\n<meta name=\"robots\" content=\"index, follow, max-snippet:-1, max-image-preview:large, max-video-preview:-1\" \/>\n<link rel=\"canonical\" href=\"https:\/\/ariusingenieria.com\/en\/ingenieria-electrica\/\" \/>\n<meta property=\"og:locale\" content=\"en_GB\" \/>\n<meta property=\"og:type\" content=\"article\" \/>\n<meta property=\"og:title\" content=\"Ingenier\u00eda El\u00e9ctrica - Arius Ingenier\u00eda E Inversiones S.L.\" \/>\n<meta property=\"og:description\" content=\"Inicio Contacto Arius ofrece servicios integrales de ingenier\u00eda el\u00e9ctrica tanto en el sector fotovoltaico como en la instalaci\u00f3n de centros de transformaci\u00f3n a\u00e9reos e interiores. Desde el dise\u00f1o hasta la ejecuci\u00f3n, nuestro equipo se especializa en trabajos de alta y baja tensi\u00f3n, fotovoltaica y renovables en general. Somos PARTNER (distribuidores) de financieras de elevado prestigio [&hellip;]\" \/>\n<meta property=\"og:url\" content=\"https:\/\/ariusingenieria.com\/en\/ingenieria-electrica\/\" \/>\n<meta property=\"og:site_name\" content=\"Arius Ingenier\u00eda E Inversiones S.L.\" \/>\n<meta property=\"article:modified_time\" content=\"2025-10-20T16:13:29+00:00\" \/>\n<meta property=\"og:image\" content=\"https:\/\/ariusingenieria.com\/wp-content\/uploads\/2025\/06\/solar-panel_10854227.png\" \/>\n\t<meta property=\"og:image:width\" content=\"512\" \/>\n\t<meta property=\"og:image:height\" content=\"512\" \/>\n\t<meta property=\"og:image:type\" content=\"image\/png\" \/>\n<meta name=\"twitter:card\" content=\"summary_large_image\" \/>\n<meta name=\"twitter:label1\" content=\"Estimated reading time\" \/>\n\t<meta name=\"twitter:data1\" content=\"2 minutes\" \/>\n<script type=\"application\/ld+json\" class=\"yoast-schema-graph\">{\"@context\":\"https:\\\/\\\/schema.org\",\"@graph\":[{\"@type\":\"WebPage\",\"@id\":\"https:\\\/\\\/ariusingenieria.com\\\/ingenieria-electrica\\\/\",\"url\":\"https:\\\/\\\/ariusingenieria.com\\\/ingenieria-electrica\\\/\",\"name\":\"Ingenier\u00eda El\u00e9ctrica - Arius Ingenier\u00eda E Inversiones S.L.\",\"isPartOf\":{\"@id\":\"https:\\\/\\\/ariusingenieria.com\\\/#website\"},\"primaryImageOfPage\":{\"@id\":\"https:\\\/\\\/ariusingenieria.com\\\/ingenieria-electrica\\\/#primaryimage\"},\"image\":{\"@id\":\"https:\\\/\\\/ariusingenieria.com\\\/ingenieria-electrica\\\/#primaryimage\"},\"thumbnailUrl\":\"https:\\\/\\\/ariusingenieria.com\\\/wp-content\\\/uploads\\\/2025\\\/06\\\/solar-panel_10854227.png\",\"datePublished\":\"2025-06-16T15:44:30+00:00\",\"dateModified\":\"2025-10-20T16:13:29+00:00\",\"breadcrumb\":{\"@id\":\"https:\\\/\\\/ariusingenieria.com\\\/ingenieria-electrica\\\/#breadcrumb\"},\"inLanguage\":\"en-GB\",\"potentialAction\":[{\"@type\":\"ReadAction\",\"target\":[\"https:\\\/\\\/ariusingenieria.com\\\/ingenieria-electrica\\\/\"]}]},{\"@type\":\"ImageObject\",\"inLanguage\":\"en-GB\",\"@id\":\"https:\\\/\\\/ariusingenieria.com\\\/ingenieria-electrica\\\/#primaryimage\",\"url\":\"https:\\\/\\\/ariusingenieria.com\\\/wp-content\\\/uploads\\\/2025\\\/06\\\/solar-panel_10854227.png\",\"contentUrl\":\"https:\\\/\\\/ariusingenieria.com\\\/wp-content\\\/uploads\\\/2025\\\/06\\\/solar-panel_10854227.png\"},{\"@type\":\"BreadcrumbList\",\"@id\":\"https:\\\/\\\/ariusingenieria.com\\\/ingenieria-electrica\\\/#breadcrumb\",\"itemListElement\":[{\"@type\":\"ListItem\",\"position\":1,\"name\":\"Portada\",\"item\":\"https:\\\/\\\/ariusingenieria.com\\\/\"},{\"@type\":\"ListItem\",\"position\":2,\"name\":\"Ingenier\u00eda El\u00e9ctrica\"}]},{\"@type\":\"WebSite\",\"@id\":\"https:\\\/\\\/ariusingenieria.com\\\/#website\",\"url\":\"https:\\\/\\\/ariusingenieria.com\\\/\",\"name\":\"Arius Ingenier\u00eda E Inversiones S.L.\",\"description\":\"\",\"publisher\":{\"@id\":\"https:\\\/\\\/ariusingenieria.com\\\/#organization\"},\"potentialAction\":[{\"@type\":\"SearchAction\",\"target\":{\"@type\":\"EntryPoint\",\"urlTemplate\":\"https:\\\/\\\/ariusingenieria.com\\\/?s={search_term_string}\"},\"query-input\":{\"@type\":\"PropertyValueSpecification\",\"valueRequired\":true,\"valueName\":\"search_term_string\"}}],\"inLanguage\":\"en-GB\"},{\"@type\":\"Organization\",\"@id\":\"https:\\\/\\\/ariusingenieria.com\\\/#organization\",\"name\":\"Arius Ingenier\u00eda E Inversiones S.L.\",\"url\":\"https:\\\/\\\/ariusingenieria.com\\\/\",\"logo\":{\"@type\":\"ImageObject\",\"inLanguage\":\"en-GB\",\"@id\":\"https:\\\/\\\/ariusingenieria.com\\\/#\\\/schema\\\/logo\\\/image\\\/\",\"url\":\"https:\\\/\\\/ariusingenieria.com\\\/wp-content\\\/uploads\\\/2025\\\/06\\\/cropped-Arius-Ingenieria-e-Inversiones-removebg-preview.png\",\"contentUrl\":\"https:\\\/\\\/ariusingenieria.com\\\/wp-content\\\/uploads\\\/2025\\\/06\\\/cropped-Arius-Ingenieria-e-Inversiones-removebg-preview.png\",\"width\":500,\"height\":500,\"caption\":\"Arius Ingenier\u00eda E Inversiones S.L.\"},\"image\":{\"@id\":\"https:\\\/\\\/ariusingenieria.com\\\/#\\\/schema\\\/logo\\\/image\\\/\"}}]}<\/script>\n<!-- \/ Yoast SEO plugin. -->","yoast_head_json":{"title":"Ingenier\u00eda El\u00e9ctrica - Arius Ingenier\u00eda E Inversiones S.L.","robots":{"index":"index","follow":"follow","max-snippet":"max-snippet:-1","max-image-preview":"max-image-preview:large","max-video-preview":"max-video-preview:-1"},"canonical":"https:\/\/ariusingenieria.com\/en\/ingenieria-electrica\/","og_locale":"en_GB","og_type":"article","og_title":"Ingenier\u00eda El\u00e9ctrica - Arius Ingenier\u00eda E Inversiones S.L.","og_description":"Inicio Contacto Arius ofrece servicios integrales de ingenier\u00eda el\u00e9ctrica tanto en el sector fotovoltaico como en la instalaci\u00f3n de centros de transformaci\u00f3n a\u00e9reos e interiores. Desde el dise\u00f1o hasta la ejecuci\u00f3n, nuestro equipo se especializa en trabajos de alta y baja tensi\u00f3n, fotovoltaica y renovables en general. Somos PARTNER (distribuidores) de financieras de elevado prestigio [&hellip;]","og_url":"https:\/\/ariusingenieria.com\/en\/ingenieria-electrica\/","og_site_name":"Arius Ingenier\u00eda E Inversiones S.L.","article_modified_time":"2025-10-20T16:13:29+00:00","og_image":[{"width":512,"height":512,"url":"https:\/\/ariusingenieria.com\/wp-content\/uploads\/2025\/06\/solar-panel_10854227.png","type":"image\/png"}],"twitter_card":"summary_large_image","twitter_misc":{"Estimated reading time":"2 minutes"},"schema":{"@context":"https:\/\/schema.org","@graph":[{"@type":"WebPage","@id":"https:\/\/ariusingenieria.com\/ingenieria-electrica\/","url":"https:\/\/ariusingenieria.com\/ingenieria-electrica\/","name":"Ingenier\u00eda El\u00e9ctrica - Arius Ingenier\u00eda E Inversiones S.L.","isPartOf":{"@id":"https:\/\/ariusingenieria.com\/#website"},"primaryImageOfPage":{"@id":"https:\/\/ariusingenieria.com\/ingenieria-electrica\/#primaryimage"},"image":{"@id":"https:\/\/ariusingenieria.com\/ingenieria-electrica\/#primaryimage"},"thumbnailUrl":"https:\/\/ariusingenieria.com\/wp-content\/uploads\/2025\/06\/solar-panel_10854227.png","datePublished":"2025-06-16T15:44:30+00:00","dateModified":"2025-10-20T16:13:29+00:00","breadcrumb":{"@id":"https:\/\/ariusingenieria.com\/ingenieria-electrica\/#breadcrumb"},"inLanguage":"en-GB","potentialAction":[{"@type":"ReadAction","target":["https:\/\/ariusingenieria.com\/ingenieria-electrica\/"]}]},{"@type":"ImageObject","inLanguage":"en-GB","@id":"https:\/\/ariusingenieria.com\/ingenieria-electrica\/#primaryimage","url":"https:\/\/ariusingenieria.com\/wp-content\/uploads\/2025\/06\/solar-panel_10854227.png","contentUrl":"https:\/\/ariusingenieria.com\/wp-content\/uploads\/2025\/06\/solar-panel_10854227.png"},{"@type":"BreadcrumbList","@id":"https:\/\/ariusingenieria.com\/ingenieria-electrica\/#breadcrumb","itemListElement":[{"@type":"ListItem","position":1,"name":"Portada","item":"https:\/\/ariusingenieria.com\/"},{"@type":"ListItem","position":2,"name":"Ingenier\u00eda El\u00e9ctrica"}]},{"@type":"WebSite","@id":"https:\/\/ariusingenieria.com\/#website","url":"https:\/\/ariusingenieria.com\/","name":"Arius Ingenier\u00eda E Inversiones S.L.","description":"","publisher":{"@id":"https:\/\/ariusingenieria.com\/#organization"},"potentialAction":[{"@type":"SearchAction","target":{"@type":"EntryPoint","urlTemplate":"https:\/\/ariusingenieria.com\/?s={search_term_string}"},"query-input":{"@type":"PropertyValueSpecification","valueRequired":true,"valueName":"search_term_string"}}],"inLanguage":"en-GB"},{"@type":"Organization","@id":"https:\/\/ariusingenieria.com\/#organization","name":"Arius Ingenier\u00eda E Inversiones S.L.","url":"https:\/\/ariusingenieria.com\/","logo":{"@type":"ImageObject","inLanguage":"en-GB","@id":"https:\/\/ariusingenieria.com\/#\/schema\/logo\/image\/","url":"https:\/\/ariusingenieria.com\/wp-content\/uploads\/2025\/06\/cropped-Arius-Ingenieria-e-Inversiones-removebg-preview.png","contentUrl":"https:\/\/ariusingenieria.com\/wp-content\/uploads\/2025\/06\/cropped-Arius-Ingenieria-e-Inversiones-removebg-preview.png","width":500,"height":500,"caption":"Arius Ingenier\u00eda E Inversiones S.L."},"image":{"@id":"https:\/\/ariusingenieria.com\/#\/schema\/logo\/image\/"}}]}},"_links":{"self":[{"href":"https:\/\/ariusingenieria.com\/en\/wp-json\/wp\/v2\/pages\/23","targetHints":{"allow":["GET"]}}],"collection":[{"href":"https:\/\/ariusingenieria.com\/en\/wp-json\/wp\/v2\/pages"}],"about":[{"href":"https:\/\/ariusingenieria.com\/en\/wp-json\/wp\/v2\/types\/page"}],"author":[{"embeddable":true,"href":"https:\/\/ariusingenieria.com\/en\/wp-json\/wp\/v2\/users\/1"}],"replies":[{"embeddable":true,"href":"https:\/\/ariusingenieria.com\/en\/wp-json\/wp\/v2\/comments?post=23"}],"version-history":[{"count":205,"href":"https:\/\/ariusingenieria.com\/en\/wp-json\/wp\/v2\/pages\/23\/revisions"}],"predecessor-version":[{"id":2967,"href":"https:\/\/ariusingenieria.com\/en\/wp-json\/wp\/v2\/pages\/23\/revisions\/2967"}],"wp:attachment":[{"href":"https:\/\/ariusingenieria.com\/en\/wp-json\/wp\/v2\/media?parent=23"}],"curies":[{"name":"wp","href":"https:\/\/api.w.org\/{rel}","templated":true}]}}