{"id":18,"date":"2025-06-16T15:43:26","date_gmt":"2025-06-16T15:43:26","guid":{"rendered":"https:\/\/ariusingenieria.rkinformatika.online\/?page_id=18"},"modified":"2025-11-21T10:03:44","modified_gmt":"2025-11-21T10:03:44","slug":"blog","status":"publish","type":"page","link":"https:\/\/ariusingenieria.com\/en\/blog\/","title":{"rendered":"Blog"},"content":{"rendered":"<div data-elementor-type=\"wp-page\" data-elementor-id=\"18\" class=\"elementor elementor-18\" data-elementor-post-type=\"page\">\n\t\t\t\t<div class=\"elementor-element elementor-element-c6242b2 e-flex e-con-boxed e-con e-parent\" data-id=\"c6242b2\" data-element_type=\"container\" data-e-type=\"container\">\n\t\t\t\t\t<div class=\"e-con-inner\">\n\t\t\t\t<div class=\"elementor-element elementor-element-1de7cc6 elementor-grid-tablet-eael-col-3 elementor-grid-eael-col-4 elementor-grid-mobile-eael-col-1 elementor-widget elementor-widget-eael-post-grid\" data-id=\"1de7cc6\" data-element_type=\"widget\" data-e-type=\"widget\" data-settings=\"{&quot;eael_post_grid_columns_tablet&quot;:&quot;eael-col-3&quot;,&quot;eael_post_grid_columns&quot;:&quot;eael-col-4&quot;,&quot;eael_post_grid_columns_mobile&quot;:&quot;eael-col-1&quot;}\" data-widget_type=\"eael-post-grid.default\">\n\t\t\t\t<div class=\"elementor-widget-container\">\n\t\t\t\t\t<div id=\"eael-post-grid-1de7cc6\" class=\"eael-post-grid-container\">\n            <div class=\"eael-post-grid eael-post-appender eael-post-appender-1de7cc6 eael-post-grid-style-two\" data-layout-mode=\"masonry\"><article class=\"eael-grid-post  eael-post-grid-column eael-pg-post-2541 category-uncategorized\" data-id=\"2541\">\n    <div class=\"eael-grid-post-holder\">\n        <div class=\"eael-grid-post-holder-inner\"><div class=\"eael-entry-media\"><div class=\"eael-entry-overlay fade-in\"><i class=\"fas fa-arrow-right\" aria-hidden=\"true\"><\/i><a href=\"https:\/\/ariusingenieria.com\/en\/la-evolucion-del-precio-de-la-luz-en-2025-en-espana\/\"><\/a><\/div><div class=\"eael-entry-thumbnail\">\n                            <img fetchpriority=\"high\" decoding=\"async\" width=\"800\" height=\"534\" src=\"https:\/\/ariusingenieria.com\/wp-content\/uploads\/2025\/06\/cropped-shot-of-electric-engineer-with-tester-examining-motherboard-1024x683.jpg\" class=\"attachment-large size-large wp-image-821\" alt=\"cropped shot of electric engineer with tester examining motherboard\" srcset=\"https:\/\/ariusingenieria.com\/wp-content\/uploads\/2025\/06\/cropped-shot-of-electric-engineer-with-tester-examining-motherboard-1024x683.jpg 1024w, https:\/\/ariusingenieria.com\/wp-content\/uploads\/2025\/06\/cropped-shot-of-electric-engineer-with-tester-examining-motherboard-300x200.jpg 300w, https:\/\/ariusingenieria.com\/wp-content\/uploads\/2025\/06\/cropped-shot-of-electric-engineer-with-tester-examining-motherboard-768x512.jpg 768w, https:\/\/ariusingenieria.com\/wp-content\/uploads\/2025\/06\/cropped-shot-of-electric-engineer-with-tester-examining-motherboard-1536x1025.jpg 1536w, https:\/\/ariusingenieria.com\/wp-content\/uploads\/2025\/06\/cropped-shot-of-electric-engineer-with-tester-examining-motherboard-18x12.jpg 18w, https:\/\/ariusingenieria.com\/wp-content\/uploads\/2025\/06\/cropped-shot-of-electric-engineer-with-tester-examining-motherboard.jpg 2000w\" sizes=\"(max-width: 800px) 100vw, 800px\" \/>\n                            <\/div>\n                    <\/div><div class=\"eael-entry-wrapper\"><header class=\"eael-entry-header\"><h2 class=\"eael-entry-title\"><a class=\"eael-grid-post-link\" href=\"https:\/\/ariusingenieria.com\/en\/la-evolucion-del-precio-de-la-luz-en-2025-en-espana\/\" title=\"La evoluci\u00f3n del precio de la luz en 2025 en Espa\u00f1a\">La evoluci\u00f3n del precio de la luz en 2025 en Espa\u00f1a<\/a><\/h2><\/header><div class=\"eael-entry-content\">\n                                <div class=\"eael-grid-post-excerpt\"><p>La evoluci\u00f3n del precio de la luz en 2025 en...<\/p><\/div>\n                            <\/div><\/div><\/div>\n    <\/div>\n<\/article><article class=\"eael-grid-post  eael-post-grid-column eael-pg-post-1588 category-uncategorized\" data-id=\"1588\">\n    <div class=\"eael-grid-post-holder\">\n        <div class=\"eael-grid-post-holder-inner\"><div class=\"eael-entry-media\"><div class=\"eael-entry-overlay fade-in\"><i class=\"fas fa-arrow-right\" aria-hidden=\"true\"><\/i><a href=\"https:\/\/ariusingenieria.com\/en\/que-es-el-cero-energetico\/\"><\/a><\/div><div class=\"eael-entry-thumbnail\">\n                            <img fetchpriority=\"high\" decoding=\"async\" width=\"800\" height=\"534\" src=\"https:\/\/ariusingenieria.com\/wp-content\/uploads\/2025\/06\/cropped-shot-of-electric-engineer-with-tester-examining-motherboard-1024x683.jpg\" class=\"attachment-large size-large wp-image-821\" alt=\"cropped shot of electric engineer with tester examining motherboard\" srcset=\"https:\/\/ariusingenieria.com\/wp-content\/uploads\/2025\/06\/cropped-shot-of-electric-engineer-with-tester-examining-motherboard-1024x683.jpg 1024w, https:\/\/ariusingenieria.com\/wp-content\/uploads\/2025\/06\/cropped-shot-of-electric-engineer-with-tester-examining-motherboard-300x200.jpg 300w, https:\/\/ariusingenieria.com\/wp-content\/uploads\/2025\/06\/cropped-shot-of-electric-engineer-with-tester-examining-motherboard-768x512.jpg 768w, https:\/\/ariusingenieria.com\/wp-content\/uploads\/2025\/06\/cropped-shot-of-electric-engineer-with-tester-examining-motherboard-1536x1025.jpg 1536w, https:\/\/ariusingenieria.com\/wp-content\/uploads\/2025\/06\/cropped-shot-of-electric-engineer-with-tester-examining-motherboard-18x12.jpg 18w, https:\/\/ariusingenieria.com\/wp-content\/uploads\/2025\/06\/cropped-shot-of-electric-engineer-with-tester-examining-motherboard.jpg 2000w\" sizes=\"(max-width: 800px) 100vw, 800px\" \/>\n                            <\/div>\n                    <\/div><div class=\"eael-entry-wrapper\"><header class=\"eael-entry-header\"><h2 class=\"eael-entry-title\"><a class=\"eael-grid-post-link\" href=\"https:\/\/ariusingenieria.com\/en\/que-es-el-cero-energetico\/\" title=\"\u00bfQu\u00e9 es el cero energ\u00e9tico?\">\u00bfQu\u00e9 es el cero energ\u00e9tico?<\/a><\/h2><\/header><div class=\"eael-entry-content\">\n                                <div class=\"eael-grid-post-excerpt\"><p>\u00bfQu\u00e9 es el cero energ\u00e9tico? El pasado 28 de abril...<\/p><\/div>\n                            <\/div><\/div><\/div>\n    <\/div>\n<\/article><\/div>\n            <div class=\"clearfix\"><\/div>\n        <\/div>\t\t\t\t<\/div>\n\t\t\t\t<\/div>\n\t\t\t\t\t<\/div>\n\t\t\t\t<\/div>\n\t\t\t\t<\/div>","protected":false},"excerpt":{"rendered":"<p>La evoluci\u00f3n del precio de la luz en 2025 en Espa\u00f1a La evoluci\u00f3n del precio de la luz en 2025 en&#8230; \u00bfQu\u00e9 es el cero energ\u00e9tico? \u00bfQu\u00e9 es el cero energ\u00e9tico? El pasado 28 de abril&#8230;<\/p>","protected":false},"author":1,"featured_media":0,"parent":0,"menu_order":0,"comment_status":"closed","ping_status":"closed","template":"elementor_canvas","meta":{"footnotes":""},"class_list":["post-18","page","type-page","status-publish","hentry"],"yoast_head":"<!-- This site is optimized with the Yoast SEO plugin v27.4 - https:\/\/yoast.com\/product\/yoast-seo-wordpress\/ -->\n<title>Blog - Arius Ingenier\u00eda E Inversiones S.L.<\/title>\n<meta name=\"robots\" content=\"index, follow, max-snippet:-1, max-image-preview:large, max-video-preview:-1\" \/>\n<link rel=\"canonical\" href=\"https:\/\/ariusingenieria.com\/en\/blog\/\" \/>\n<meta property=\"og:locale\" content=\"en_GB\" \/>\n<meta property=\"og:type\" content=\"article\" \/>\n<meta property=\"og:title\" content=\"Blog - Arius Ingenier\u00eda E Inversiones S.L.\" \/>\n<meta property=\"og:description\" content=\"La evoluci\u00f3n del precio de la luz en 2025 en Espa\u00f1a La evoluci\u00f3n del precio de la luz en 2025 en&#8230; \u00bfQu\u00e9 es el cero energ\u00e9tico? \u00bfQu\u00e9 es el cero energ\u00e9tico? El pasado 28 de abril&#8230;\" \/>\n<meta property=\"og:url\" content=\"https:\/\/ariusingenieria.com\/en\/blog\/\" \/>\n<meta property=\"og:site_name\" content=\"Arius Ingenier\u00eda E Inversiones S.L.\" \/>\n<meta property=\"article:modified_time\" content=\"2025-11-21T10:03:44+00:00\" \/>\n<meta property=\"og:image\" content=\"https:\/\/ariusingenieria.com\/wp-content\/uploads\/2025\/06\/cropped-shot-of-electric-engineer-with-tester-examining-motherboard.jpg\" \/>\n\t<meta property=\"og:image:width\" content=\"2000\" \/>\n\t<meta property=\"og:image:height\" content=\"1334\" \/>\n\t<meta property=\"og:image:type\" content=\"image\/jpeg\" \/>\n<meta name=\"twitter:card\" content=\"summary_large_image\" \/>\n<meta name=\"twitter:label1\" content=\"Estimated reading time\" \/>\n\t<meta name=\"twitter:data1\" content=\"1 minute\" \/>\n<script type=\"application\/ld+json\" class=\"yoast-schema-graph\">{\"@context\":\"https:\\\/\\\/schema.org\",\"@graph\":[{\"@type\":\"WebPage\",\"@id\":\"https:\\\/\\\/ariusingenieria.com\\\/blog\\\/\",\"url\":\"https:\\\/\\\/ariusingenieria.com\\\/blog\\\/\",\"name\":\"Blog - Arius Ingenier\u00eda E Inversiones S.L.\",\"isPartOf\":{\"@id\":\"https:\\\/\\\/ariusingenieria.com\\\/#website\"},\"primaryImageOfPage\":{\"@id\":\"https:\\\/\\\/ariusingenieria.com\\\/blog\\\/#primaryimage\"},\"image\":{\"@id\":\"https:\\\/\\\/ariusingenieria.com\\\/blog\\\/#primaryimage\"},\"thumbnailUrl\":\"https:\\\/\\\/ariusingenieria.com\\\/wp-content\\\/uploads\\\/2025\\\/06\\\/cropped-shot-of-electric-engineer-with-tester-examining-motherboard-1024x683.jpg\",\"datePublished\":\"2025-06-16T15:43:26+00:00\",\"dateModified\":\"2025-11-21T10:03:44+00:00\",\"breadcrumb\":{\"@id\":\"https:\\\/\\\/ariusingenieria.com\\\/blog\\\/#breadcrumb\"},\"inLanguage\":\"en-GB\",\"potentialAction\":[{\"@type\":\"ReadAction\",\"target\":[\"https:\\\/\\\/ariusingenieria.com\\\/blog\\\/\"]}]},{\"@type\":\"ImageObject\",\"inLanguage\":\"en-GB\",\"@id\":\"https:\\\/\\\/ariusingenieria.com\\\/blog\\\/#primaryimage\",\"url\":\"https:\\\/\\\/ariusingenieria.com\\\/wp-content\\\/uploads\\\/2025\\\/06\\\/cropped-shot-of-electric-engineer-with-tester-examining-motherboard-1024x683.jpg\",\"contentUrl\":\"https:\\\/\\\/ariusingenieria.com\\\/wp-content\\\/uploads\\\/2025\\\/06\\\/cropped-shot-of-electric-engineer-with-tester-examining-motherboard-1024x683.jpg\"},{\"@type\":\"BreadcrumbList\",\"@id\":\"https:\\\/\\\/ariusingenieria.com\\\/blog\\\/#breadcrumb\",\"itemListElement\":[{\"@type\":\"ListItem\",\"position\":1,\"name\":\"Portada\",\"item\":\"https:\\\/\\\/ariusingenieria.com\\\/\"},{\"@type\":\"ListItem\",\"position\":2,\"name\":\"Blog\"}]},{\"@type\":\"WebSite\",\"@id\":\"https:\\\/\\\/ariusingenieria.com\\\/#website\",\"url\":\"https:\\\/\\\/ariusingenieria.com\\\/\",\"name\":\"Arius Ingenier\u00eda E Inversiones S.L.\",\"description\":\"\",\"publisher\":{\"@id\":\"https:\\\/\\\/ariusingenieria.com\\\/#organization\"},\"potentialAction\":[{\"@type\":\"SearchAction\",\"target\":{\"@type\":\"EntryPoint\",\"urlTemplate\":\"https:\\\/\\\/ariusingenieria.com\\\/?s={search_term_string}\"},\"query-input\":{\"@type\":\"PropertyValueSpecification\",\"valueRequired\":true,\"valueName\":\"search_term_string\"}}],\"inLanguage\":\"en-GB\"},{\"@type\":\"Organization\",\"@id\":\"https:\\\/\\\/ariusingenieria.com\\\/#organization\",\"name\":\"Arius Ingenier\u00eda E Inversiones S.L.\",\"url\":\"https:\\\/\\\/ariusingenieria.com\\\/\",\"logo\":{\"@type\":\"ImageObject\",\"inLanguage\":\"en-GB\",\"@id\":\"https:\\\/\\\/ariusingenieria.com\\\/#\\\/schema\\\/logo\\\/image\\\/\",\"url\":\"https:\\\/\\\/ariusingenieria.com\\\/wp-content\\\/uploads\\\/2025\\\/06\\\/cropped-Arius-Ingenieria-e-Inversiones-removebg-preview.png\",\"contentUrl\":\"https:\\\/\\\/ariusingenieria.com\\\/wp-content\\\/uploads\\\/2025\\\/06\\\/cropped-Arius-Ingenieria-e-Inversiones-removebg-preview.png\",\"width\":500,\"height\":500,\"caption\":\"Arius Ingenier\u00eda E Inversiones S.L.\"},\"image\":{\"@id\":\"https:\\\/\\\/ariusingenieria.com\\\/#\\\/schema\\\/logo\\\/image\\\/\"}}]}<\/script>\n<!-- \/ Yoast SEO plugin. -->","yoast_head_json":{"title":"Blog - Arius Ingenier\u00eda E Inversiones S.L.","robots":{"index":"index","follow":"follow","max-snippet":"max-snippet:-1","max-image-preview":"max-image-preview:large","max-video-preview":"max-video-preview:-1"},"canonical":"https:\/\/ariusingenieria.com\/en\/blog\/","og_locale":"en_GB","og_type":"article","og_title":"Blog - Arius Ingenier\u00eda E Inversiones S.L.","og_description":"La evoluci\u00f3n del precio de la luz en 2025 en Espa\u00f1a La evoluci\u00f3n del precio de la luz en 2025 en&#8230; \u00bfQu\u00e9 es el cero energ\u00e9tico? \u00bfQu\u00e9 es el cero energ\u00e9tico? El pasado 28 de abril&#8230;","og_url":"https:\/\/ariusingenieria.com\/en\/blog\/","og_site_name":"Arius Ingenier\u00eda E Inversiones S.L.","article_modified_time":"2025-11-21T10:03:44+00:00","og_image":[{"width":2000,"height":1334,"url":"https:\/\/ariusingenieria.com\/wp-content\/uploads\/2025\/06\/cropped-shot-of-electric-engineer-with-tester-examining-motherboard.jpg","type":"image\/jpeg"}],"twitter_card":"summary_large_image","twitter_misc":{"Estimated reading time":"1 minute"},"schema":{"@context":"https:\/\/schema.org","@graph":[{"@type":"WebPage","@id":"https:\/\/ariusingenieria.com\/blog\/","url":"https:\/\/ariusingenieria.com\/blog\/","name":"Blog - Arius Ingenier\u00eda E Inversiones S.L.","isPartOf":{"@id":"https:\/\/ariusingenieria.com\/#website"},"primaryImageOfPage":{"@id":"https:\/\/ariusingenieria.com\/blog\/#primaryimage"},"image":{"@id":"https:\/\/ariusingenieria.com\/blog\/#primaryimage"},"thumbnailUrl":"https:\/\/ariusingenieria.com\/wp-content\/uploads\/2025\/06\/cropped-shot-of-electric-engineer-with-tester-examining-motherboard-1024x683.jpg","datePublished":"2025-06-16T15:43:26+00:00","dateModified":"2025-11-21T10:03:44+00:00","breadcrumb":{"@id":"https:\/\/ariusingenieria.com\/blog\/#breadcrumb"},"inLanguage":"en-GB","potentialAction":[{"@type":"ReadAction","target":["https:\/\/ariusingenieria.com\/blog\/"]}]},{"@type":"ImageObject","inLanguage":"en-GB","@id":"https:\/\/ariusingenieria.com\/blog\/#primaryimage","url":"https:\/\/ariusingenieria.com\/wp-content\/uploads\/2025\/06\/cropped-shot-of-electric-engineer-with-tester-examining-motherboard-1024x683.jpg","contentUrl":"https:\/\/ariusingenieria.com\/wp-content\/uploads\/2025\/06\/cropped-shot-of-electric-engineer-with-tester-examining-motherboard-1024x683.jpg"},{"@type":"BreadcrumbList","@id":"https:\/\/ariusingenieria.com\/blog\/#breadcrumb","itemListElement":[{"@type":"ListItem","position":1,"name":"Portada","item":"https:\/\/ariusingenieria.com\/"},{"@type":"ListItem","position":2,"name":"Blog"}]},{"@type":"WebSite","@id":"https:\/\/ariusingenieria.com\/#website","url":"https:\/\/ariusingenieria.com\/","name":"Arius Ingenier\u00eda E Inversiones S.L.","description":"","publisher":{"@id":"https:\/\/ariusingenieria.com\/#organization"},"potentialAction":[{"@type":"SearchAction","target":{"@type":"EntryPoint","urlTemplate":"https:\/\/ariusingenieria.com\/?s={search_term_string}"},"query-input":{"@type":"PropertyValueSpecification","valueRequired":true,"valueName":"search_term_string"}}],"inLanguage":"en-GB"},{"@type":"Organization","@id":"https:\/\/ariusingenieria.com\/#organization","name":"Arius Ingenier\u00eda E Inversiones S.L.","url":"https:\/\/ariusingenieria.com\/","logo":{"@type":"ImageObject","inLanguage":"en-GB","@id":"https:\/\/ariusingenieria.com\/#\/schema\/logo\/image\/","url":"https:\/\/ariusingenieria.com\/wp-content\/uploads\/2025\/06\/cropped-Arius-Ingenieria-e-Inversiones-removebg-preview.png","contentUrl":"https:\/\/ariusingenieria.com\/wp-content\/uploads\/2025\/06\/cropped-Arius-Ingenieria-e-Inversiones-removebg-preview.png","width":500,"height":500,"caption":"Arius Ingenier\u00eda E Inversiones S.L."},"image":{"@id":"https:\/\/ariusingenieria.com\/#\/schema\/logo\/image\/"}}]}},"_links":{"self":[{"href":"https:\/\/ariusingenieria.com\/en\/wp-json\/wp\/v2\/pages\/18","targetHints":{"allow":["GET"]}}],"collection":[{"href":"https:\/\/ariusingenieria.com\/en\/wp-json\/wp\/v2\/pages"}],"about":[{"href":"https:\/\/ariusingenieria.com\/en\/wp-json\/wp\/v2\/types\/page"}],"author":[{"embeddable":true,"href":"https:\/\/ariusingenieria.com\/en\/wp-json\/wp\/v2\/users\/1"}],"replies":[{"embeddable":true,"href":"https:\/\/ariusingenieria.com\/en\/wp-json\/wp\/v2\/comments?post=18"}],"version-history":[{"count":40,"href":"https:\/\/ariusingenieria.com\/en\/wp-json\/wp\/v2\/pages\/18\/revisions"}],"predecessor-version":[{"id":3078,"href":"https:\/\/ariusingenieria.com\/en\/wp-json\/wp\/v2\/pages\/18\/revisions\/3078"}],"wp:attachment":[{"href":"https:\/\/ariusingenieria.com\/en\/wp-json\/wp\/v2\/media?parent=18"}],"curies":[{"name":"wp","href":"https:\/\/api.w.org\/{rel}","templated":true}]}}