{"id":15,"date":"2025-06-16T15:43:51","date_gmt":"2025-06-16T15:43:51","guid":{"rendered":"https:\/\/ariusingenieria.rkinformatika.online\/?page_id=15"},"modified":"2025-10-20T15:43:28","modified_gmt":"2025-10-20T15:43:28","slug":"sobre-nosotros","status":"publish","type":"page","link":"https:\/\/ariusingenieria.com\/en\/sobre-nosotros\/","title":{"rendered":"About us"},"content":{"rendered":"<div data-elementor-type=\"wp-page\" data-elementor-id=\"15\" class=\"elementor elementor-15\" data-elementor-post-type=\"page\">\n\t\t\t\t<div class=\"elementor-element elementor-element-20d560a e-flex e-con-boxed e-con e-parent\" data-id=\"20d560a\" data-element_type=\"container\" data-e-type=\"container\" data-settings=\"{&quot;background_background&quot;:&quot;classic&quot;}\">\n\t\t\t\t\t<div class=\"e-con-inner\">\n\t\t\t\t<div class=\"elementor-element elementor-element-68abc0b elementor-widget elementor-widget-heading\" data-id=\"68abc0b\" data-element_type=\"widget\" data-e-type=\"widget\" data-widget_type=\"heading.default\">\n\t\t\t\t<div class=\"elementor-widget-container\">\n\t\t\t\t\t<h2 class=\"elementor-heading-title elementor-size-default\">About us<\/h2>\t\t\t\t<\/div>\n\t\t\t\t<\/div>\n\t\t\t\t\t<\/div>\n\t\t\t\t<\/div>\n\t\t<div class=\"elementor-element elementor-element-d1f7f99 e-flex e-con-boxed e-con e-parent\" data-id=\"d1f7f99\" data-element_type=\"container\" data-e-type=\"container\">\n\t\t\t\t\t<div class=\"e-con-inner\">\n\t\t<div class=\"elementor-element elementor-element-9ffd25a e-con-full e-flex e-con e-child\" data-id=\"9ffd25a\" data-element_type=\"container\" data-e-type=\"container\">\n\t\t\t\t<div class=\"elementor-element elementor-element-3f1818e elementor-widget elementor-widget-text-editor\" data-id=\"3f1818e\" data-element_type=\"widget\" data-e-type=\"widget\" data-widget_type=\"text-editor.default\">\n\t\t\t\t<div class=\"elementor-widget-container\">\n\t\t\t\t\t\t\t\t\t<p data-start=\"304\" data-end=\"471\">Somos especialistas en proporcionar Servicios T\u00e9cnicos de Ingenier\u00eda y Energ\u00e9ticos, respaldados por el conocimiento, la experiencia y el compromiso con la calidad.<\/p><p data-start=\"473\" data-end=\"863\">Nuestra trayectoria profesional est\u00e1 firmemente apoyada en la experiencia del ingeniero Don Jer\u00f3nimo Guti\u00e9rrez Vel\u00e1zquez, colegiado n\u00famero 9860 del C.O.G.I.T.I. de Sevilla. A lo largo de los a\u00f1os, ha desarrollado, dirigido y ejecutado numerosos proyectos en el \u00e1mbito de la ingenier\u00eda el\u00e9ctrica e industrial, dejando siempre una huella de excelencia t\u00e9cnica y profesionalidad.<\/p><p data-start=\"865\" data-end=\"1050\">Las im\u00e1genes que compartimos en esta web corresponden a algunos de los trabajos realizados durante su carrera, y representan nuestro enfoque pr\u00e1ctico, riguroso y orientado a resultados.<\/p><p data-start=\"1052\" data-end=\"1275\">Creemos que el conocimiento y la experiencia son nuestra mejor garant\u00eda para ofrecer a nuestros clientes un asesoramiento de calidad, adaptado a sus necesidades reales y con soluciones eficientes, seguras y sostenibles.<\/p>\t\t\t\t\t\t\t\t<\/div>\n\t\t\t\t<\/div>\n\t\t\t\t<\/div>\n\t\t\t\t\t<\/div>\n\t\t\t\t<\/div>\n\t\t<div class=\"elementor-element elementor-element-db4abcd e-flex e-con-boxed e-con e-parent\" data-id=\"db4abcd\" data-element_type=\"container\" data-e-type=\"container\">\n\t\t\t\t\t<div class=\"e-con-inner\">\n\t\t<div class=\"elementor-element elementor-element-1345525 e-con-full e-flex e-con e-child\" data-id=\"1345525\" data-element_type=\"container\" data-e-type=\"container\">\n\t\t\t\t<div class=\"elementor-element elementor-element-4b70dc6 elementor-widget elementor-widget-heading\" data-id=\"4b70dc6\" data-element_type=\"widget\" data-e-type=\"widget\" data-widget_type=\"heading.default\">\n\t\t\t\t<div class=\"elementor-widget-container\">\n\t\t\t\t\t<h2 class=\"elementor-heading-title elementor-size-default\">Nuestros Clientes<\/h2>\t\t\t\t<\/div>\n\t\t\t\t<\/div>\n\t\t\t\t<div class=\"elementor-element elementor-element-bdee0b3 elementor-widget elementor-widget-image-carousel\" data-id=\"bdee0b3\" data-element_type=\"widget\" data-e-type=\"widget\" data-settings=\"{&quot;slides_to_show&quot;:&quot;5&quot;,&quot;slides_to_scroll&quot;:&quot;1&quot;,&quot;navigation&quot;:&quot;none&quot;,&quot;autoplay_speed&quot;:0,&quot;speed&quot;:6000,&quot;image_spacing_custom&quot;:{&quot;unit&quot;:&quot;px&quot;,&quot;size&quot;:10,&quot;sizes&quot;:[]},&quot;slides_to_show_tablet&quot;:&quot;4&quot;,&quot;slides_to_show_mobile&quot;:&quot;3&quot;,&quot;autoplay&quot;:&quot;yes&quot;,&quot;pause_on_hover&quot;:&quot;yes&quot;,&quot;pause_on_interaction&quot;:&quot;yes&quot;,&quot;infinite&quot;:&quot;yes&quot;,&quot;image_spacing_custom_tablet&quot;:{&quot;unit&quot;:&quot;px&quot;,&quot;size&quot;:&quot;&quot;,&quot;sizes&quot;:[]},&quot;image_spacing_custom_mobile&quot;:{&quot;unit&quot;:&quot;px&quot;,&quot;size&quot;:&quot;&quot;,&quot;sizes&quot;:[]}}\" data-widget_type=\"image-carousel.default\">\n\t\t\t\t<div class=\"elementor-widget-container\">\n\t\t\t\t\t\t\t<div class=\"elementor-image-carousel-wrapper swiper\" role=\"region\" aria-roledescription=\"carousel\" aria-label=\"Carrusel de im\u00e1genes\" dir=\"ltr\">\n\t\t\t<div class=\"elementor-image-carousel swiper-wrapper\" aria-live=\"off\">\n\t\t\t\t\t\t\t\t<div class=\"swiper-slide\" role=\"group\" aria-roledescription=\"slide\" aria-label=\"1 de 16\"><a data-elementor-open-lightbox=\"yes\" data-elementor-lightbox-slideshow=\"bdee0b3\" data-elementor-lightbox-title=\"1\" data-e-action-hash=\"#elementor-action%3Aaction%3Dlightbox%26settings%3DeyJpZCI6MjY2NywidXJsIjoiaHR0cHM6XC9cL2FyaXVzaW5nZW5pZXJpYS5jb21cL3dwLWNvbnRlbnRcL3VwbG9hZHNcLzIwMjVcLzA5XC8xLTEucG5nIiwic2xpZGVzaG93IjoiYmRlZTBiMyJ9\" href=\"https:\/\/ariusingenieria.com\/wp-content\/uploads\/2025\/09\/1-1.png\"><figure class=\"swiper-slide-inner\"><img decoding=\"async\" class=\"swiper-slide-image\" src=\"https:\/\/ariusingenieria.com\/wp-content\/uploads\/2025\/09\/1-1.png\" alt=\"1\" \/><\/figure><\/a><\/div><div class=\"swiper-slide\" role=\"group\" aria-roledescription=\"slide\" aria-label=\"2 de 16\"><a data-elementor-open-lightbox=\"yes\" data-elementor-lightbox-slideshow=\"bdee0b3\" data-elementor-lightbox-title=\"9\" data-e-action-hash=\"#elementor-action%3Aaction%3Dlightbox%26settings%3DeyJpZCI6MjY3NSwidXJsIjoiaHR0cHM6XC9cL2FyaXVzaW5nZW5pZXJpYS5jb21cL3dwLWNvbnRlbnRcL3VwbG9hZHNcLzIwMjVcLzA5XC85LTEucG5nIiwic2xpZGVzaG93IjoiYmRlZTBiMyJ9\" href=\"https:\/\/ariusingenieria.com\/wp-content\/uploads\/2025\/09\/9-1.png\"><figure class=\"swiper-slide-inner\"><img decoding=\"async\" class=\"swiper-slide-image\" src=\"https:\/\/ariusingenieria.com\/wp-content\/uploads\/2025\/09\/9-1.png\" alt=\"9\" \/><\/figure><\/a><\/div><div class=\"swiper-slide\" role=\"group\" aria-roledescription=\"slide\" aria-label=\"3 de 16\"><a data-elementor-open-lightbox=\"yes\" data-elementor-lightbox-slideshow=\"bdee0b3\" data-elementor-lightbox-title=\"12\" data-e-action-hash=\"#elementor-action%3Aaction%3Dlightbox%26settings%3DeyJpZCI6MjY3OSwidXJsIjoiaHR0cHM6XC9cL2FyaXVzaW5nZW5pZXJpYS5jb21cL3dwLWNvbnRlbnRcL3VwbG9hZHNcLzIwMjVcLzA5XC8xMi0xLnBuZyIsInNsaWRlc2hvdyI6ImJkZWUwYjMifQ%3D%3D\" href=\"https:\/\/ariusingenieria.com\/wp-content\/uploads\/2025\/09\/12-1.png\"><figure class=\"swiper-slide-inner\"><img decoding=\"async\" class=\"swiper-slide-image\" src=\"https:\/\/ariusingenieria.com\/wp-content\/uploads\/2025\/09\/12-1.png\" alt=\"12\" \/><\/figure><\/a><\/div><div class=\"swiper-slide\" role=\"group\" aria-roledescription=\"slide\" aria-label=\"4 de 16\"><a data-elementor-open-lightbox=\"yes\" data-elementor-lightbox-slideshow=\"bdee0b3\" data-elementor-lightbox-title=\"10\" data-e-action-hash=\"#elementor-action%3Aaction%3Dlightbox%26settings%3DeyJpZCI6MjY3NywidXJsIjoiaHR0cHM6XC9cL2FyaXVzaW5nZW5pZXJpYS5jb21cL3dwLWNvbnRlbnRcL3VwbG9hZHNcLzIwMjVcLzA5XC8xMC0xLnBuZyIsInNsaWRlc2hvdyI6ImJkZWUwYjMifQ%3D%3D\" href=\"https:\/\/ariusingenieria.com\/wp-content\/uploads\/2025\/09\/10-1.png\"><figure class=\"swiper-slide-inner\"><img decoding=\"async\" class=\"swiper-slide-image\" src=\"https:\/\/ariusingenieria.com\/wp-content\/uploads\/2025\/09\/10-1.png\" alt=\"10\" \/><\/figure><\/a><\/div><div class=\"swiper-slide\" role=\"group\" aria-roledescription=\"slide\" aria-label=\"5 de 16\"><a data-elementor-open-lightbox=\"yes\" data-elementor-lightbox-slideshow=\"bdee0b3\" data-elementor-lightbox-title=\"2\" data-e-action-hash=\"#elementor-action%3Aaction%3Dlightbox%26settings%3DeyJpZCI6MjY2OCwidXJsIjoiaHR0cHM6XC9cL2FyaXVzaW5nZW5pZXJpYS5jb21cL3dwLWNvbnRlbnRcL3VwbG9hZHNcLzIwMjVcLzA5XC8yLTEucG5nIiwic2xpZGVzaG93IjoiYmRlZTBiMyJ9\" href=\"https:\/\/ariusingenieria.com\/wp-content\/uploads\/2025\/09\/2-1.png\"><figure class=\"swiper-slide-inner\"><img decoding=\"async\" class=\"swiper-slide-image\" src=\"https:\/\/ariusingenieria.com\/wp-content\/uploads\/2025\/09\/2-1.png\" alt=\"2\" \/><\/figure><\/a><\/div><div class=\"swiper-slide\" role=\"group\" aria-roledescription=\"slide\" aria-label=\"6 de 16\"><a data-elementor-open-lightbox=\"yes\" data-elementor-lightbox-slideshow=\"bdee0b3\" data-elementor-lightbox-title=\"7\" data-e-action-hash=\"#elementor-action%3Aaction%3Dlightbox%26settings%3DeyJpZCI6MjY3MywidXJsIjoiaHR0cHM6XC9cL2FyaXVzaW5nZW5pZXJpYS5jb21cL3dwLWNvbnRlbnRcL3VwbG9hZHNcLzIwMjVcLzA5XC83LTEucG5nIiwic2xpZGVzaG93IjoiYmRlZTBiMyJ9\" href=\"https:\/\/ariusingenieria.com\/wp-content\/uploads\/2025\/09\/7-1.png\"><figure class=\"swiper-slide-inner\"><img decoding=\"async\" class=\"swiper-slide-image\" src=\"https:\/\/ariusingenieria.com\/wp-content\/uploads\/2025\/09\/7-1.png\" alt=\"7\" \/><\/figure><\/a><\/div><div class=\"swiper-slide\" role=\"group\" aria-roledescription=\"slide\" aria-label=\"7 de 16\"><a data-elementor-open-lightbox=\"yes\" data-elementor-lightbox-slideshow=\"bdee0b3\" data-elementor-lightbox-title=\"4\" data-e-action-hash=\"#elementor-action%3Aaction%3Dlightbox%26settings%3DeyJpZCI6MjY3MCwidXJsIjoiaHR0cHM6XC9cL2FyaXVzaW5nZW5pZXJpYS5jb21cL3dwLWNvbnRlbnRcL3VwbG9hZHNcLzIwMjVcLzA5XC80LTEucG5nIiwic2xpZGVzaG93IjoiYmRlZTBiMyJ9\" href=\"https:\/\/ariusingenieria.com\/wp-content\/uploads\/2025\/09\/4-1.png\"><figure class=\"swiper-slide-inner\"><img decoding=\"async\" class=\"swiper-slide-image\" src=\"https:\/\/ariusingenieria.com\/wp-content\/uploads\/2025\/09\/4-1.png\" alt=\"4\" \/><\/figure><\/a><\/div><div class=\"swiper-slide\" role=\"group\" aria-roledescription=\"slide\" aria-label=\"8 de 16\"><a data-elementor-open-lightbox=\"yes\" data-elementor-lightbox-slideshow=\"bdee0b3\" data-elementor-lightbox-title=\"14\" data-e-action-hash=\"#elementor-action%3Aaction%3Dlightbox%26settings%3DeyJpZCI6MjY4MSwidXJsIjoiaHR0cHM6XC9cL2FyaXVzaW5nZW5pZXJpYS5jb21cL3dwLWNvbnRlbnRcL3VwbG9hZHNcLzIwMjVcLzA5XC8xNC0xLnBuZyIsInNsaWRlc2hvdyI6ImJkZWUwYjMifQ%3D%3D\" href=\"https:\/\/ariusingenieria.com\/wp-content\/uploads\/2025\/09\/14-1.png\"><figure class=\"swiper-slide-inner\"><img decoding=\"async\" class=\"swiper-slide-image\" src=\"https:\/\/ariusingenieria.com\/wp-content\/uploads\/2025\/09\/14-1.png\" alt=\"14\" \/><\/figure><\/a><\/div><div class=\"swiper-slide\" role=\"group\" aria-roledescription=\"slide\" aria-label=\"9 de 16\"><a data-elementor-open-lightbox=\"yes\" data-elementor-lightbox-slideshow=\"bdee0b3\" data-elementor-lightbox-title=\"5\" data-e-action-hash=\"#elementor-action%3Aaction%3Dlightbox%26settings%3DeyJpZCI6MjY3MSwidXJsIjoiaHR0cHM6XC9cL2FyaXVzaW5nZW5pZXJpYS5jb21cL3dwLWNvbnRlbnRcL3VwbG9hZHNcLzIwMjVcLzA5XC81LTEucG5nIiwic2xpZGVzaG93IjoiYmRlZTBiMyJ9\" href=\"https:\/\/ariusingenieria.com\/wp-content\/uploads\/2025\/09\/5-1.png\"><figure class=\"swiper-slide-inner\"><img decoding=\"async\" class=\"swiper-slide-image\" src=\"https:\/\/ariusingenieria.com\/wp-content\/uploads\/2025\/09\/5-1.png\" alt=\"5\" \/><\/figure><\/a><\/div><div class=\"swiper-slide\" role=\"group\" aria-roledescription=\"slide\" aria-label=\"10 de 16\"><a data-elementor-open-lightbox=\"yes\" data-elementor-lightbox-slideshow=\"bdee0b3\" data-elementor-lightbox-title=\"13\" data-e-action-hash=\"#elementor-action%3Aaction%3Dlightbox%26settings%3DeyJpZCI6MjY4MCwidXJsIjoiaHR0cHM6XC9cL2FyaXVzaW5nZW5pZXJpYS5jb21cL3dwLWNvbnRlbnRcL3VwbG9hZHNcLzIwMjVcLzA5XC8xMy0xLnBuZyIsInNsaWRlc2hvdyI6ImJkZWUwYjMifQ%3D%3D\" href=\"https:\/\/ariusingenieria.com\/wp-content\/uploads\/2025\/09\/13-1.png\"><figure class=\"swiper-slide-inner\"><img decoding=\"async\" class=\"swiper-slide-image\" src=\"https:\/\/ariusingenieria.com\/wp-content\/uploads\/2025\/09\/13-1.png\" alt=\"13\" \/><\/figure><\/a><\/div><div class=\"swiper-slide\" role=\"group\" aria-roledescription=\"slide\" aria-label=\"11 de 16\"><a data-elementor-open-lightbox=\"yes\" data-elementor-lightbox-slideshow=\"bdee0b3\" data-elementor-lightbox-title=\"6\" data-e-action-hash=\"#elementor-action%3Aaction%3Dlightbox%26settings%3DeyJpZCI6MjY3MiwidXJsIjoiaHR0cHM6XC9cL2FyaXVzaW5nZW5pZXJpYS5jb21cL3dwLWNvbnRlbnRcL3VwbG9hZHNcLzIwMjVcLzA5XC82LTEucG5nIiwic2xpZGVzaG93IjoiYmRlZTBiMyJ9\" href=\"https:\/\/ariusingenieria.com\/wp-content\/uploads\/2025\/09\/6-1.png\"><figure class=\"swiper-slide-inner\"><img decoding=\"async\" class=\"swiper-slide-image\" src=\"https:\/\/ariusingenieria.com\/wp-content\/uploads\/2025\/09\/6-1.png\" alt=\"6\" \/><\/figure><\/a><\/div><div class=\"swiper-slide\" role=\"group\" aria-roledescription=\"slide\" aria-label=\"12 de 16\"><a data-elementor-open-lightbox=\"yes\" data-elementor-lightbox-slideshow=\"bdee0b3\" data-elementor-lightbox-title=\"3\" data-e-action-hash=\"#elementor-action%3Aaction%3Dlightbox%26settings%3DeyJpZCI6MjY2OSwidXJsIjoiaHR0cHM6XC9cL2FyaXVzaW5nZW5pZXJpYS5jb21cL3dwLWNvbnRlbnRcL3VwbG9hZHNcLzIwMjVcLzA5XC8zLTEucG5nIiwic2xpZGVzaG93IjoiYmRlZTBiMyJ9\" href=\"https:\/\/ariusingenieria.com\/wp-content\/uploads\/2025\/09\/3-1.png\"><figure class=\"swiper-slide-inner\"><img decoding=\"async\" class=\"swiper-slide-image\" src=\"https:\/\/ariusingenieria.com\/wp-content\/uploads\/2025\/09\/3-1.png\" alt=\"3\" \/><\/figure><\/a><\/div><div class=\"swiper-slide\" role=\"group\" aria-roledescription=\"slide\" aria-label=\"13 de 16\"><a data-elementor-open-lightbox=\"yes\" data-elementor-lightbox-slideshow=\"bdee0b3\" data-elementor-lightbox-title=\"8\" data-e-action-hash=\"#elementor-action%3Aaction%3Dlightbox%26settings%3DeyJpZCI6MjY3NCwidXJsIjoiaHR0cHM6XC9cL2FyaXVzaW5nZW5pZXJpYS5jb21cL3dwLWNvbnRlbnRcL3VwbG9hZHNcLzIwMjVcLzA5XC84LTEucG5nIiwic2xpZGVzaG93IjoiYmRlZTBiMyJ9\" href=\"https:\/\/ariusingenieria.com\/wp-content\/uploads\/2025\/09\/8-1.png\"><figure class=\"swiper-slide-inner\"><img decoding=\"async\" class=\"swiper-slide-image\" src=\"https:\/\/ariusingenieria.com\/wp-content\/uploads\/2025\/09\/8-1.png\" alt=\"8\" \/><\/figure><\/a><\/div><div class=\"swiper-slide\" role=\"group\" aria-roledescription=\"slide\" aria-label=\"14 de 16\"><a data-elementor-open-lightbox=\"yes\" data-elementor-lightbox-slideshow=\"bdee0b3\" data-elementor-lightbox-title=\"11\" data-e-action-hash=\"#elementor-action%3Aaction%3Dlightbox%26settings%3DeyJpZCI6MjY3OCwidXJsIjoiaHR0cHM6XC9cL2FyaXVzaW5nZW5pZXJpYS5jb21cL3dwLWNvbnRlbnRcL3VwbG9hZHNcLzIwMjVcLzA5XC8xMS0xLnBuZyIsInNsaWRlc2hvdyI6ImJkZWUwYjMifQ%3D%3D\" href=\"https:\/\/ariusingenieria.com\/wp-content\/uploads\/2025\/09\/11-1.png\"><figure class=\"swiper-slide-inner\"><img decoding=\"async\" class=\"swiper-slide-image\" src=\"https:\/\/ariusingenieria.com\/wp-content\/uploads\/2025\/09\/11-1.png\" alt=\"11\" \/><\/figure><\/a><\/div><div class=\"swiper-slide\" role=\"group\" aria-roledescription=\"slide\" aria-label=\"15 de 16\"><a data-elementor-open-lightbox=\"yes\" data-elementor-lightbox-slideshow=\"bdee0b3\" data-elementor-lightbox-title=\"15\" data-e-action-hash=\"#elementor-action%3Aaction%3Dlightbox%26settings%3DeyJpZCI6MjY4MiwidXJsIjoiaHR0cHM6XC9cL2FyaXVzaW5nZW5pZXJpYS5jb21cL3dwLWNvbnRlbnRcL3VwbG9hZHNcLzIwMjVcLzA5XC8xNS0xLnBuZyIsInNsaWRlc2hvdyI6ImJkZWUwYjMifQ%3D%3D\" href=\"https:\/\/ariusingenieria.com\/wp-content\/uploads\/2025\/09\/15-1.png\"><figure class=\"swiper-slide-inner\"><img decoding=\"async\" class=\"swiper-slide-image\" src=\"https:\/\/ariusingenieria.com\/wp-content\/uploads\/2025\/09\/15-1.png\" alt=\"15\" \/><\/figure><\/a><\/div><div class=\"swiper-slide\" role=\"group\" aria-roledescription=\"slide\" aria-label=\"16 de 16\"><a data-elementor-open-lightbox=\"yes\" data-elementor-lightbox-slideshow=\"bdee0b3\" data-elementor-lightbox-title=\"16\" data-e-action-hash=\"#elementor-action%3Aaction%3Dlightbox%26settings%3DeyJpZCI6MjY4MywidXJsIjoiaHR0cHM6XC9cL2FyaXVzaW5nZW5pZXJpYS5jb21cL3dwLWNvbnRlbnRcL3VwbG9hZHNcLzIwMjVcLzA5XC8xNi0xLnBuZyIsInNsaWRlc2hvdyI6ImJkZWUwYjMifQ%3D%3D\" href=\"https:\/\/ariusingenieria.com\/wp-content\/uploads\/2025\/09\/16-1.png\"><figure class=\"swiper-slide-inner\"><img decoding=\"async\" class=\"swiper-slide-image\" src=\"https:\/\/ariusingenieria.com\/wp-content\/uploads\/2025\/09\/16-1.png\" alt=\"16\" \/><\/figure><\/a><\/div>\t\t\t<\/div>\n\t\t\t\t\t\t\t\n\t\t\t\t\t\t\t\t\t<\/div>\n\t\t\t\t\t\t<\/div>\n\t\t\t\t<\/div>\n\t\t\t\t<\/div>\n\t\t\t\t\t<\/div>\n\t\t\t\t<\/div>\n\t\t\t\t<\/div>","protected":false},"excerpt":{"rendered":"<p>Sobre Nosotros Somos especialistas en proporcionar Servicios T\u00e9cnicos de Ingenier\u00eda y Energ\u00e9ticos, respaldados por el conocimiento, la experiencia y el compromiso con la calidad. Nuestra trayectoria profesional est\u00e1 firmemente apoyada en la experiencia del ingeniero Don Jer\u00f3nimo Guti\u00e9rrez Vel\u00e1zquez, colegiado n\u00famero 9860 del C.O.G.I.T.I. de Sevilla. A lo largo de los a\u00f1os, ha desarrollado, dirigido [&hellip;]<\/p>\n","protected":false},"author":1,"featured_media":0,"parent":0,"menu_order":0,"comment_status":"closed","ping_status":"closed","template":"elementor_canvas","meta":{"footnotes":""},"class_list":["post-15","page","type-page","status-publish","hentry"],"yoast_head":"<!-- This site is optimized with the Yoast SEO plugin v27.4 - https:\/\/yoast.com\/product\/yoast-seo-wordpress\/ -->\n<title>Sobre Nosotros - Arius Ingenier\u00eda E Inversiones S.L.<\/title>\n<meta name=\"robots\" content=\"index, follow, max-snippet:-1, max-image-preview:large, max-video-preview:-1\" \/>\n<link rel=\"canonical\" href=\"https:\/\/ariusingenieria.com\/en\/sobre-nosotros\/\" \/>\n<meta property=\"og:locale\" content=\"en_GB\" \/>\n<meta property=\"og:type\" content=\"article\" \/>\n<meta property=\"og:title\" content=\"Sobre Nosotros - Arius Ingenier\u00eda E Inversiones S.L.\" \/>\n<meta property=\"og:description\" content=\"Sobre Nosotros Somos especialistas en proporcionar Servicios T\u00e9cnicos de Ingenier\u00eda y Energ\u00e9ticos, respaldados por el conocimiento, la experiencia y el compromiso con la calidad. Nuestra trayectoria profesional est\u00e1 firmemente apoyada en la experiencia del ingeniero Don Jer\u00f3nimo Guti\u00e9rrez Vel\u00e1zquez, colegiado n\u00famero 9860 del C.O.G.I.T.I. de Sevilla. A lo largo de los a\u00f1os, ha desarrollado, dirigido [&hellip;]\" \/>\n<meta property=\"og:url\" content=\"https:\/\/ariusingenieria.com\/en\/sobre-nosotros\/\" \/>\n<meta property=\"og:site_name\" content=\"Arius Ingenier\u00eda E Inversiones S.L.\" \/>\n<meta property=\"article:modified_time\" content=\"2025-10-20T15:43:28+00:00\" \/>\n<meta property=\"og:image\" content=\"https:\/\/ariusingenieria.com\/wp-content\/uploads\/2025\/09\/1-1.png\" \/>\n<meta name=\"twitter:card\" content=\"summary_large_image\" \/>\n<meta name=\"twitter:label1\" content=\"Estimated reading time\" \/>\n\t<meta name=\"twitter:data1\" content=\"6 minutes\" \/>\n<script type=\"application\/ld+json\" class=\"yoast-schema-graph\">{\"@context\":\"https:\\\/\\\/schema.org\",\"@graph\":[{\"@type\":\"WebPage\",\"@id\":\"https:\\\/\\\/ariusingenieria.com\\\/sobre-nosotros\\\/\",\"url\":\"https:\\\/\\\/ariusingenieria.com\\\/sobre-nosotros\\\/\",\"name\":\"Sobre Nosotros - Arius Ingenier\u00eda E Inversiones S.L.\",\"isPartOf\":{\"@id\":\"https:\\\/\\\/ariusingenieria.com\\\/#website\"},\"primaryImageOfPage\":{\"@id\":\"https:\\\/\\\/ariusingenieria.com\\\/sobre-nosotros\\\/#primaryimage\"},\"image\":{\"@id\":\"https:\\\/\\\/ariusingenieria.com\\\/sobre-nosotros\\\/#primaryimage\"},\"thumbnailUrl\":\"https:\\\/\\\/ariusingenieria.com\\\/wp-content\\\/uploads\\\/2025\\\/09\\\/1-1.png\",\"datePublished\":\"2025-06-16T15:43:51+00:00\",\"dateModified\":\"2025-10-20T15:43:28+00:00\",\"breadcrumb\":{\"@id\":\"https:\\\/\\\/ariusingenieria.com\\\/sobre-nosotros\\\/#breadcrumb\"},\"inLanguage\":\"en-GB\",\"potentialAction\":[{\"@type\":\"ReadAction\",\"target\":[\"https:\\\/\\\/ariusingenieria.com\\\/sobre-nosotros\\\/\"]}]},{\"@type\":\"ImageObject\",\"inLanguage\":\"en-GB\",\"@id\":\"https:\\\/\\\/ariusingenieria.com\\\/sobre-nosotros\\\/#primaryimage\",\"url\":\"https:\\\/\\\/ariusingenieria.com\\\/wp-content\\\/uploads\\\/2025\\\/09\\\/1-1.png\",\"contentUrl\":\"https:\\\/\\\/ariusingenieria.com\\\/wp-content\\\/uploads\\\/2025\\\/09\\\/1-1.png\"},{\"@type\":\"BreadcrumbList\",\"@id\":\"https:\\\/\\\/ariusingenieria.com\\\/sobre-nosotros\\\/#breadcrumb\",\"itemListElement\":[{\"@type\":\"ListItem\",\"position\":1,\"name\":\"Portada\",\"item\":\"https:\\\/\\\/ariusingenieria.com\\\/\"},{\"@type\":\"ListItem\",\"position\":2,\"name\":\"Sobre Nosotros\"}]},{\"@type\":\"WebSite\",\"@id\":\"https:\\\/\\\/ariusingenieria.com\\\/#website\",\"url\":\"https:\\\/\\\/ariusingenieria.com\\\/\",\"name\":\"Arius Ingenier\u00eda E Inversiones S.L.\",\"description\":\"\",\"publisher\":{\"@id\":\"https:\\\/\\\/ariusingenieria.com\\\/#organization\"},\"potentialAction\":[{\"@type\":\"SearchAction\",\"target\":{\"@type\":\"EntryPoint\",\"urlTemplate\":\"https:\\\/\\\/ariusingenieria.com\\\/?s={search_term_string}\"},\"query-input\":{\"@type\":\"PropertyValueSpecification\",\"valueRequired\":true,\"valueName\":\"search_term_string\"}}],\"inLanguage\":\"en-GB\"},{\"@type\":\"Organization\",\"@id\":\"https:\\\/\\\/ariusingenieria.com\\\/#organization\",\"name\":\"Arius Ingenier\u00eda E Inversiones S.L.\",\"url\":\"https:\\\/\\\/ariusingenieria.com\\\/\",\"logo\":{\"@type\":\"ImageObject\",\"inLanguage\":\"en-GB\",\"@id\":\"https:\\\/\\\/ariusingenieria.com\\\/#\\\/schema\\\/logo\\\/image\\\/\",\"url\":\"https:\\\/\\\/ariusingenieria.com\\\/wp-content\\\/uploads\\\/2025\\\/06\\\/cropped-Arius-Ingenieria-e-Inversiones-removebg-preview.png\",\"contentUrl\":\"https:\\\/\\\/ariusingenieria.com\\\/wp-content\\\/uploads\\\/2025\\\/06\\\/cropped-Arius-Ingenieria-e-Inversiones-removebg-preview.png\",\"width\":500,\"height\":500,\"caption\":\"Arius Ingenier\u00eda E Inversiones S.L.\"},\"image\":{\"@id\":\"https:\\\/\\\/ariusingenieria.com\\\/#\\\/schema\\\/logo\\\/image\\\/\"}}]}<\/script>\n<!-- \/ Yoast SEO plugin. -->","yoast_head_json":{"title":"Sobre Nosotros - Arius Ingenier\u00eda E Inversiones S.L.","robots":{"index":"index","follow":"follow","max-snippet":"max-snippet:-1","max-image-preview":"max-image-preview:large","max-video-preview":"max-video-preview:-1"},"canonical":"https:\/\/ariusingenieria.com\/en\/sobre-nosotros\/","og_locale":"en_GB","og_type":"article","og_title":"Sobre Nosotros - Arius Ingenier\u00eda E Inversiones S.L.","og_description":"Sobre Nosotros Somos especialistas en proporcionar Servicios T\u00e9cnicos de Ingenier\u00eda y Energ\u00e9ticos, respaldados por el conocimiento, la experiencia y el compromiso con la calidad. Nuestra trayectoria profesional est\u00e1 firmemente apoyada en la experiencia del ingeniero Don Jer\u00f3nimo Guti\u00e9rrez Vel\u00e1zquez, colegiado n\u00famero 9860 del C.O.G.I.T.I. de Sevilla. A lo largo de los a\u00f1os, ha desarrollado, dirigido [&hellip;]","og_url":"https:\/\/ariusingenieria.com\/en\/sobre-nosotros\/","og_site_name":"Arius Ingenier\u00eda E Inversiones S.L.","article_modified_time":"2025-10-20T15:43:28+00:00","og_image":[{"url":"https:\/\/ariusingenieria.com\/wp-content\/uploads\/2025\/09\/1-1.png","type":"","width":"","height":""}],"twitter_card":"summary_large_image","twitter_misc":{"Estimated reading time":"6 minutes"},"schema":{"@context":"https:\/\/schema.org","@graph":[{"@type":"WebPage","@id":"https:\/\/ariusingenieria.com\/sobre-nosotros\/","url":"https:\/\/ariusingenieria.com\/sobre-nosotros\/","name":"Sobre Nosotros - Arius Ingenier\u00eda E Inversiones S.L.","isPartOf":{"@id":"https:\/\/ariusingenieria.com\/#website"},"primaryImageOfPage":{"@id":"https:\/\/ariusingenieria.com\/sobre-nosotros\/#primaryimage"},"image":{"@id":"https:\/\/ariusingenieria.com\/sobre-nosotros\/#primaryimage"},"thumbnailUrl":"https:\/\/ariusingenieria.com\/wp-content\/uploads\/2025\/09\/1-1.png","datePublished":"2025-06-16T15:43:51+00:00","dateModified":"2025-10-20T15:43:28+00:00","breadcrumb":{"@id":"https:\/\/ariusingenieria.com\/sobre-nosotros\/#breadcrumb"},"inLanguage":"en-GB","potentialAction":[{"@type":"ReadAction","target":["https:\/\/ariusingenieria.com\/sobre-nosotros\/"]}]},{"@type":"ImageObject","inLanguage":"en-GB","@id":"https:\/\/ariusingenieria.com\/sobre-nosotros\/#primaryimage","url":"https:\/\/ariusingenieria.com\/wp-content\/uploads\/2025\/09\/1-1.png","contentUrl":"https:\/\/ariusingenieria.com\/wp-content\/uploads\/2025\/09\/1-1.png"},{"@type":"BreadcrumbList","@id":"https:\/\/ariusingenieria.com\/sobre-nosotros\/#breadcrumb","itemListElement":[{"@type":"ListItem","position":1,"name":"Portada","item":"https:\/\/ariusingenieria.com\/"},{"@type":"ListItem","position":2,"name":"Sobre Nosotros"}]},{"@type":"WebSite","@id":"https:\/\/ariusingenieria.com\/#website","url":"https:\/\/ariusingenieria.com\/","name":"Arius Ingenier\u00eda E Inversiones S.L.","description":"","publisher":{"@id":"https:\/\/ariusingenieria.com\/#organization"},"potentialAction":[{"@type":"SearchAction","target":{"@type":"EntryPoint","urlTemplate":"https:\/\/ariusingenieria.com\/?s={search_term_string}"},"query-input":{"@type":"PropertyValueSpecification","valueRequired":true,"valueName":"search_term_string"}}],"inLanguage":"en-GB"},{"@type":"Organization","@id":"https:\/\/ariusingenieria.com\/#organization","name":"Arius Ingenier\u00eda E Inversiones S.L.","url":"https:\/\/ariusingenieria.com\/","logo":{"@type":"ImageObject","inLanguage":"en-GB","@id":"https:\/\/ariusingenieria.com\/#\/schema\/logo\/image\/","url":"https:\/\/ariusingenieria.com\/wp-content\/uploads\/2025\/06\/cropped-Arius-Ingenieria-e-Inversiones-removebg-preview.png","contentUrl":"https:\/\/ariusingenieria.com\/wp-content\/uploads\/2025\/06\/cropped-Arius-Ingenieria-e-Inversiones-removebg-preview.png","width":500,"height":500,"caption":"Arius Ingenier\u00eda E Inversiones S.L."},"image":{"@id":"https:\/\/ariusingenieria.com\/#\/schema\/logo\/image\/"}}]}},"_links":{"self":[{"href":"https:\/\/ariusingenieria.com\/en\/wp-json\/wp\/v2\/pages\/15","targetHints":{"allow":["GET"]}}],"collection":[{"href":"https:\/\/ariusingenieria.com\/en\/wp-json\/wp\/v2\/pages"}],"about":[{"href":"https:\/\/ariusingenieria.com\/en\/wp-json\/wp\/v2\/types\/page"}],"author":[{"embeddable":true,"href":"https:\/\/ariusingenieria.com\/en\/wp-json\/wp\/v2\/users\/1"}],"replies":[{"embeddable":true,"href":"https:\/\/ariusingenieria.com\/en\/wp-json\/wp\/v2\/comments?post=15"}],"version-history":[{"count":278,"href":"https:\/\/ariusingenieria.com\/en\/wp-json\/wp\/v2\/pages\/15\/revisions"}],"predecessor-version":[{"id":2871,"href":"https:\/\/ariusingenieria.com\/en\/wp-json\/wp\/v2\/pages\/15\/revisions\/2871"}],"wp:attachment":[{"href":"https:\/\/ariusingenieria.com\/en\/wp-json\/wp\/v2\/media?parent=15"}],"curies":[{"name":"wp","href":"https:\/\/api.w.org\/{rel}","templated":true}]}}